{"id":4655,"date":"2021-05-06T10:48:18","date_gmt":"2021-05-06T08:48:18","guid":{"rendered":"http:\/\/erreniegaip.educacion.navarra.es\/web\/?page_id=4655"},"modified":"2023-03-06T11:23:08","modified_gmt":"2023-03-06T10:23:08","slug":"zergatik-d-eredua","status":"publish","type":"page","link":"https:\/\/erreniegaip.educacion.navarra.es\/web\/zergatik-d-eredua\/","title":{"rendered":"Zergatik D eredua?"},"content":{"rendered":"\n<figure class=\"wp-block-embed is-type-video is-provider-youtube wp-block-embed-youtube wp-embed-aspect-16-9 wp-has-aspect-ratio\"><div class=\"wp-block-embed__wrapper\">\n<iframe loading=\"lazy\" title=\"Zein da zure esperientzia D ereduan?\" width=\"500\" height=\"281\" src=\"https:\/\/www.youtube.com\/embed\/gfpaOmZpdnQ?feature=oembed\" frameborder=\"0\" allow=\"accelerometer; autoplay; clipboard-write; encrypted-media; gyroscope; picture-in-picture; web-share\" allowfullscreen><\/iframe>\n<\/div><\/figure>\n\n\n\n<figure class=\"wp-block-embed is-type-video is-provider-youtube wp-block-embed-youtube wp-embed-aspect-16-9 wp-has-aspect-ratio\"><div class=\"wp-block-embed__wrapper\">\n<iframe loading=\"lazy\" title=\"Zergatik aukeratu zenuen D eredu publikoa?\" width=\"500\" height=\"281\" src=\"https:\/\/www.youtube.com\/embed\/9rl-lT5ulIc?feature=oembed\" frameborder=\"0\" allow=\"accelerometer; autoplay; clipboard-write; encrypted-media; gyroscope; picture-in-picture; web-share\" allowfullscreen><\/iframe>\n<\/div><\/figure>\n\n\n\n<figure class=\"wp-block-embed is-type-video is-provider-youtube wp-block-embed-youtube wp-embed-aspect-16-9 wp-has-aspect-ratio\"><div class=\"wp-block-embed__wrapper\">\n<iframe loading=\"lazy\" title=\"Zer esango zenioke matrikula egin behar duen familia bati?\" width=\"500\" height=\"281\" src=\"https:\/\/www.youtube.com\/embed\/EOSELu2s1rA?feature=oembed\" frameborder=\"0\" allow=\"accelerometer; autoplay; clipboard-write; encrypted-media; gyroscope; picture-in-picture; web-share\" allowfullscreen><\/iframe>\n<\/div><\/figure>\n\n\n\n<figure class=\"wp-block-embed is-type-video is-provider-youtube wp-block-embed-youtube wp-embed-aspect-16-9 wp-has-aspect-ratio\"><div class=\"wp-block-embed__wrapper\">\n<iframe loading=\"lazy\" title=\"Zer da zuretzat D eredua?\" width=\"500\" height=\"281\" src=\"https:\/\/www.youtube.com\/embed\/d-tMn2fWRYY?feature=oembed\" frameborder=\"0\" allow=\"accelerometer; autoplay; clipboard-write; encrypted-media; gyroscope; picture-in-picture; web-share\" allowfullscreen><\/iframe>\n<\/div><\/figure>\n\n\n\n<div class=\"wp-block-columns\">\n<div class=\"wp-block-column\">\n<figure class=\"wp-block-embed is-type-video is-provider-youtube wp-block-embed-youtube wp-embed-aspect-16-9 wp-has-aspect-ratio\"><div class=\"wp-block-embed__wrapper\">\n<iframe loading=\"lazy\" title=\"Jenny &amp; Nick: Euskarak, mila kolore! | Model D\" width=\"500\" height=\"281\" src=\"https:\/\/www.youtube.com\/embed\/HDMRLhox_6A?list=PL5WpaiUCDB4rPAFwx_kI9Xwf24d96Itx0\" frameborder=\"0\" allow=\"accelerometer; autoplay; clipboard-write; encrypted-media; gyroscope; picture-in-picture; web-share\" allowfullscreen><\/iframe>\n<\/div><\/figure>\n<\/div>\n\n\n\n<div class=\"wp-block-column\">\n<figure class=\"wp-block-embed is-type-video is-provider-youtube wp-block-embed-youtube wp-embed-aspect-16-9 wp-has-aspect-ratio\"><div class=\"wp-block-embed__wrapper\">\n<iframe loading=\"lazy\" title=\"Ismael &amp; Hassan: Euskarak, mila kolore! | \u0646\u0645\u0648\u0630\u062c \u062f \u0641\u064a \u0645\u062f\u0627\u0631\u0633 \u0623\u0648\u0634\u0643\u064a\u0631\u0627\" width=\"500\" height=\"281\" src=\"https:\/\/www.youtube.com\/embed\/M0tr4KKCSTM?list=PL5WpaiUCDB4rPAFwx_kI9Xwf24d96Itx0\" frameborder=\"0\" allow=\"accelerometer; autoplay; clipboard-write; encrypted-media; gyroscope; picture-in-picture; web-share\" allowfullscreen><\/iframe>\n<\/div><\/figure>\n<\/div>\n\n\n\n<div class=\"wp-block-column\">\n<figure class=\"wp-block-embed is-type-video is-provider-youtube wp-block-embed-youtube wp-embed-aspect-16-9 wp-has-aspect-ratio\"><div class=\"wp-block-embed__wrapper\">\n<iframe loading=\"lazy\" title=\"Sveta &amp; Monica: Euskarak, mila kolore! | \u041c\u043e\u0434\u0435\u043b\u044c \u0414\" width=\"500\" height=\"281\" src=\"https:\/\/www.youtube.com\/embed\/amyVuOkxNTE?list=PL5WpaiUCDB4rPAFwx_kI9Xwf24d96Itx0\" frameborder=\"0\" allow=\"accelerometer; autoplay; clipboard-write; encrypted-media; gyroscope; picture-in-picture; web-share\" allowfullscreen><\/iframe>\n<\/div><\/figure>\n<\/div>\n<\/div>\n\n\n\n<figure class=\"wp-block-embed is-type-video is-provider-youtube wp-block-embed-youtube wp-embed-aspect-16-9 wp-has-aspect-ratio\"><div class=\"wp-block-embed__wrapper\">\n<iframe loading=\"lazy\" title=\"NIZE Aurrematrikulazio kanpaina 2023-2024\" width=\"500\" height=\"281\" src=\"https:\/\/www.youtube.com\/embed\/aeRy-63lT-c?feature=oembed\" frameborder=\"0\" allow=\"accelerometer; autoplay; clipboard-write; encrypted-media; gyroscope; picture-in-picture; web-share\" allowfullscreen><\/iframe>\n<\/div><\/figure>\n\n\n\n<figure class=\"wp-block-embed is-type-wp-embed is-provider-era wp-block-embed-era\"><div class=\"wp-block-embed__wrapper\">\n<blockquote class=\"wp-embedded-content\" data-secret=\"BTqZFQp2MM\"><a href=\"https:\/\/eranafarroa.eus\/d-eredua-hainbat-hizkuntzatan-gurasoek-maiz-egindako-galderak\/\">D eredua: hainbat hizkuntzatan, gurasoek maiz egindako galderak<\/a><\/blockquote><iframe class=\"wp-embedded-content\" sandbox=\"allow-scripts\" security=\"restricted\" style=\"position: absolute; clip: rect(1px, 1px, 1px, 1px);\" title=\"&#8220;D eredua: hainbat hizkuntzatan, gurasoek maiz egindako galderak&#8221; &#8212; ERA\" src=\"https:\/\/eranafarroa.eus\/d-eredua-hainbat-hizkuntzatan-gurasoek-maiz-egindako-galderak\/embed\/#?secret=IBdZxEXEr5#?secret=BTqZFQp2MM\" data-secret=\"BTqZFQp2MM\" width=\"500\" height=\"282\" frameborder=\"0\" marginwidth=\"0\" marginheight=\"0\" scrolling=\"no\"><\/iframe>\n<\/div><\/figure>\n\n\n\n<p><\/p>\n\n\n\n<p><mark style=\"background-color:rgba(0, 0, 0, 0)\" class=\"has-inline-color has-luminous-vivid-amber-color\"><strong>A<\/strong><\/mark><strong><mark style=\"background-color:rgba(0, 0, 0, 0)\" class=\"has-inline-color has-luminous-vivid-amber-color\">di! Hurrengo bideoa gaztelaniaz dago soilik.<\/mark><\/strong><\/p>\n\n\n\n<div class=\"wp-container-3 wp-block-group\"><div class=\"wp-block-group__inner-container\">\n<div class=\"wp-block-columns are-vertically-aligned-center\">\n<div class=\"wp-block-column is-vertically-aligned-center\" style=\"flex-basis:100%\">\n<div class=\"wp-container-2 wp-block-group\"><div class=\"wp-block-group__inner-container\">\n<div class=\"wp-block-columns\">\n<div class=\"wp-block-column\" style=\"flex-basis:100%\">\n<div class=\"wp-container-1 wp-block-group\"><div class=\"wp-block-group__inner-container\"><\/div><\/div>\n<\/div>\n<\/div>\n\n\n\n<figure class=\"wp-block-embed is-type-video is-provider-youtube wp-block-embed-youtube wp-embed-aspect-16-9 wp-has-aspect-ratio\"><div class=\"wp-block-embed__wrapper\">\n<iframe loading=\"lazy\" title=\"Modelo D: inmersi\u00f3n ling\u00fc\u00edstica en euskera\" width=\"500\" height=\"281\" src=\"https:\/\/www.youtube.com\/embed\/bxIDoeii2hw?start=707&#038;feature=oembed\" frameborder=\"0\" allow=\"accelerometer; autoplay; clipboard-write; encrypted-media; gyroscope; picture-in-picture; web-share\" allowfullscreen><\/iframe>\n<\/div><\/figure>\n<\/div><\/div>\n<\/div>\n<\/div>\n<\/div><\/div>\n","protected":false},"excerpt":{"rendered":"<p>Adi! Hurrengo bideoa gaztelaniaz dago soilik.<\/p>\n","protected":false},"author":1,"featured_media":0,"parent":0,"menu_order":0,"comment_status":"closed","ping_status":"closed","template":"","meta":{"_genesis_hide_title":false,"_genesis_hide_breadcrumbs":false,"_genesis_hide_singular_image":false,"_genesis_hide_footer_widgets":false,"_genesis_custom_body_class":"","_genesis_custom_post_class":"","_genesis_layout":""},"_links":{"self":[{"href":"https:\/\/erreniegaip.educacion.navarra.es\/web\/wp-json\/wp\/v2\/pages\/4655"}],"collection":[{"href":"https:\/\/erreniegaip.educacion.navarra.es\/web\/wp-json\/wp\/v2\/pages"}],"about":[{"href":"https:\/\/erreniegaip.educacion.navarra.es\/web\/wp-json\/wp\/v2\/types\/page"}],"author":[{"embeddable":true,"href":"https:\/\/erreniegaip.educacion.navarra.es\/web\/wp-json\/wp\/v2\/users\/1"}],"replies":[{"embeddable":true,"href":"https:\/\/erreniegaip.educacion.navarra.es\/web\/wp-json\/wp\/v2\/comments?post=4655"}],"version-history":[{"count":11,"href":"https:\/\/erreniegaip.educacion.navarra.es\/web\/wp-json\/wp\/v2\/pages\/4655\/revisions"}],"predecessor-version":[{"id":5739,"href":"https:\/\/erreniegaip.educacion.navarra.es\/web\/wp-json\/wp\/v2\/pages\/4655\/revisions\/5739"}],"wp:attachment":[{"href":"https:\/\/erreniegaip.educacion.navarra.es\/web\/wp-json\/wp\/v2\/media?parent=4655"}],"curies":[{"name":"wp","href":"https:\/\/api.w.org\/{rel}","templated":true}]}}