{"id":991,"date":"2017-03-17T13:01:27","date_gmt":"2017-03-17T12:01:27","guid":{"rendered":"http:\/\/erreniegaip.educacion.navarra.es\/web\/?page_id=991"},"modified":"2019-03-20T11:49:18","modified_gmt":"2019-03-20T10:49:18","slug":"creatividad","status":"publish","type":"page","link":"https:\/\/erreniegaip.educacion.navarra.es\/web\/es\/creatividad\/","title":{"rendered":"CREATIVIDAD"},"content":{"rendered":"<p><img loading=\"lazy\" class=\"aligncenter wp-image-3382 size-full\" src=\"http:\/\/erreniegaip.educacion.navarra.es\/web\/wp-content\/uploads\/2019\/02\/erreniega-destacados-secciones-990x250-creatividad-2019.jpg\" alt=\"\" width=\"990\" height=\"250\" srcset=\"https:\/\/erreniegaip.educacion.navarra.es\/web\/wp-content\/uploads\/2019\/02\/erreniega-destacados-secciones-990x250-creatividad-2019.jpg 990w, https:\/\/erreniegaip.educacion.navarra.es\/web\/wp-content\/uploads\/2019\/02\/erreniega-destacados-secciones-990x250-creatividad-2019-300x76.jpg 300w, https:\/\/erreniegaip.educacion.navarra.es\/web\/wp-content\/uploads\/2019\/02\/erreniega-destacados-secciones-990x250-creatividad-2019-768x194.jpg 768w\" sizes=\"(max-width: 990px) 100vw, 990px\" \/><span style=\"font-size: 18px;\"><span style=\"color: #04b1dc;\">\u00abArte y ciencia, maneras de entender el mundo\u00bb<\/span><!--more--><\/span><\/p>\n<p style=\"text-align: justify;\"><span style=\"font-size: 18px;\">En Erreniega fomentamos la iniciativa y la creatividad para generar nuevas formas de trabajo superando las dificultades. <\/span><\/p>\n<p style=\"text-align: justify;\"><span style=\"font-size: 18px;\"><span style=\"font-size: 18px;\">Es necesario desarrollar en los ni\u00f1os y las ni\u00f1as una visi\u00f3n m\u00e1s cr\u00edtica de la realidad, que tengan capacidad para generar respuestas nuevas, para descubrir, para innovar, para trabajar en equipo y para aprender de las diferencias.<\/span><\/span><\/p>\n<p style=\"text-align: justify;\"><span style=\"font-size: 18px;\">Queremos hacer de la escuela un lugar privilegiado de ense\u00f1anza y de crecimiento personal. Para alcanzar este objetivo, hace falta que los alumnos y las alumnas se involucren en su proceso de aprendizaje y que encuentren en lo que aprenden una respuesta a sus intereses.<\/span><\/p>\n","protected":false},"excerpt":{"rendered":"<p>\u00abArte y ciencia, maneras de entender el mundo\u00bb<\/p>\n","protected":false},"author":1,"featured_media":3683,"parent":0,"menu_order":0,"comment_status":"open","ping_status":"open","template":"","meta":{"_genesis_hide_title":false,"_genesis_hide_breadcrumbs":false,"_genesis_hide_singular_image":false,"_genesis_hide_footer_widgets":false,"_genesis_custom_body_class":"","_genesis_custom_post_class":"","_genesis_layout":"full-width-content"},"_links":{"self":[{"href":"https:\/\/erreniegaip.educacion.navarra.es\/web\/es\/wp-json\/wp\/v2\/pages\/991"}],"collection":[{"href":"https:\/\/erreniegaip.educacion.navarra.es\/web\/es\/wp-json\/wp\/v2\/pages"}],"about":[{"href":"https:\/\/erreniegaip.educacion.navarra.es\/web\/es\/wp-json\/wp\/v2\/types\/page"}],"author":[{"embeddable":true,"href":"https:\/\/erreniegaip.educacion.navarra.es\/web\/es\/wp-json\/wp\/v2\/users\/1"}],"replies":[{"embeddable":true,"href":"https:\/\/erreniegaip.educacion.navarra.es\/web\/es\/wp-json\/wp\/v2\/comments?post=991"}],"version-history":[{"count":32,"href":"https:\/\/erreniegaip.educacion.navarra.es\/web\/es\/wp-json\/wp\/v2\/pages\/991\/revisions"}],"predecessor-version":[{"id":3579,"href":"https:\/\/erreniegaip.educacion.navarra.es\/web\/es\/wp-json\/wp\/v2\/pages\/991\/revisions\/3579"}],"wp:featuredmedia":[{"embeddable":true,"href":"https:\/\/erreniegaip.educacion.navarra.es\/web\/es\/wp-json\/wp\/v2\/media\/3683"}],"wp:attachment":[{"href":"https:\/\/erreniegaip.educacion.navarra.es\/web\/es\/wp-json\/wp\/v2\/media?parent=991"}],"curies":[{"name":"wp","href":"https:\/\/api.w.org\/{rel}","templated":true}]}}