{"id":985,"date":"2015-03-01T12:57:07","date_gmt":"2015-03-01T11:57:07","guid":{"rendered":"http:\/\/erreniegaip.educacion.navarra.es\/web\/?page_id=985"},"modified":"2019-04-16T15:00:54","modified_gmt":"2019-04-16T13:00:54","slug":"espacios","status":"publish","type":"page","link":"https:\/\/erreniegaip.educacion.navarra.es\/web\/es\/espacios\/","title":{"rendered":"ESPACIOS"},"content":{"rendered":"<p><img loading=\"lazy\" class=\"aligncenter wp-image-3607 size-full\" src=\"http:\/\/erreniegaip.educacion.navarra.es\/web\/wp-content\/uploads\/2019\/03\/erreniega-destacados-secciones-990x250-espacios.jpg\" alt=\"\" width=\"990\" height=\"250\" srcset=\"https:\/\/erreniegaip.educacion.navarra.es\/web\/wp-content\/uploads\/2019\/03\/erreniega-destacados-secciones-990x250-espacios.jpg 990w, https:\/\/erreniegaip.educacion.navarra.es\/web\/wp-content\/uploads\/2019\/03\/erreniega-destacados-secciones-990x250-espacios-300x76.jpg 300w, https:\/\/erreniegaip.educacion.navarra.es\/web\/wp-content\/uploads\/2019\/03\/erreniega-destacados-secciones-990x250-espacios-768x194.jpg 768w\" sizes=\"(max-width: 990px) 100vw, 990px\" \/><span style=\"font-size: 18px;\"><span style=\"color: #04b1dc;\">\u00abEspacios que contribuyen al cambio\u00bb<!--more--><br \/>\n<\/span><\/span><\/p>\n<p><span style=\"font-weight: 400;\">En Erreniega nos importa la organizaci\u00f3n del espacio escolar y apostamos por nuevos ambientes de aprendizaje. Ambientes que sean estimuladores, creativos y participativos, donde los ni\u00f1os y las ni\u00f1as act\u00faen pero tambi\u00e9n reflexionen sobre su propia acci\u00f3n y que posibilite la comunicaci\u00f3n y el encuentro con las personas que lo habitan. <\/span><\/p>\n<p><span style=\"font-weight: 400;\">A parte de dar una dimensi\u00f3n pedag\u00f3gica a los espacios que usamos d\u00eda a d\u00eda, queremos que la escuela se entienda como un lugar para la comunidad. Cada uno de los espacios tiene una vinculaci\u00f3n emocional, ofrecen distintos usos y forman parte de la vida y del contexto de aprendizaje de nuestros y nuestras alumnos y alumnas.<\/span><\/p>\n<p><span style=\"color: #ffffff;\">a<\/span><\/p>\n<p><img loading=\"lazy\" class=\"wp-image-3757  alignright\" src=\"http:\/\/erreniegaip.educacion.navarra.es\/web\/wp-content\/uploads\/2019\/03\/IMG_20190128_163613_326.jpg\" alt=\"\" width=\"361\" height=\"271\" srcset=\"https:\/\/erreniegaip.educacion.navarra.es\/web\/wp-content\/uploads\/2019\/03\/IMG_20190128_163613_326.jpg 3264w, https:\/\/erreniegaip.educacion.navarra.es\/web\/wp-content\/uploads\/2019\/03\/IMG_20190128_163613_326-300x225.jpg 300w, https:\/\/erreniegaip.educacion.navarra.es\/web\/wp-content\/uploads\/2019\/03\/IMG_20190128_163613_326-768x576.jpg 768w, https:\/\/erreniegaip.educacion.navarra.es\/web\/wp-content\/uploads\/2019\/03\/IMG_20190128_163613_326-1024x768.jpg 1024w\" sizes=\"(max-width: 361px) 100vw, 361px\" \/><\/p>\n<p><span style=\"font-weight: 400;\">El a<\/span><b>ula de luces y sombras <\/b><span style=\"font-weight: 400;\">es uno de ellos. En esta aula se trabaja con la luz utilizando objetos y materiales de la vida diaria mediante el juego. Es un ambiente a oscuras donde hay muchos elementos luminosos para interactuar: proyectores, retroproyectores, mesas de luz&#8230; Las mesas de luz est\u00e1n inspiradas en el enfoque pedag\u00f3gico Reggio Emilia que se desarroll\u00f3 en Italia y desde el cual se promueve una educaci\u00f3n progresiva y cooperante desde la primera infancia.<\/span><\/p>\n<p><span style=\"color: #ffffff;\">a<\/span><\/p>\n<p><img loading=\"lazy\" class=\"wp-image-3725 alignleft\" src=\"http:\/\/erreniegaip.educacion.navarra.es\/web\/wp-content\/uploads\/2019\/03\/IMG_0808-e1553678610490.jpg\" alt=\"\" width=\"335\" height=\"215\" srcset=\"https:\/\/erreniegaip.educacion.navarra.es\/web\/wp-content\/uploads\/2019\/03\/IMG_0808-e1553678610490.jpg 3599w, https:\/\/erreniegaip.educacion.navarra.es\/web\/wp-content\/uploads\/2019\/03\/IMG_0808-e1553678610490-300x193.jpg 300w, https:\/\/erreniegaip.educacion.navarra.es\/web\/wp-content\/uploads\/2019\/03\/IMG_0808-e1553678610490-768x494.jpg 768w, https:\/\/erreniegaip.educacion.navarra.es\/web\/wp-content\/uploads\/2019\/03\/IMG_0808-e1553678610490-1024x659.jpg 1024w\" sizes=\"(max-width: 335px) 100vw, 335px\" \/><\/p>\n<p><span style=\"color: #ffffff;\">a<\/span><\/p>\n<p><span style=\"font-weight: 400;\">Hemos convertido uno de nuestros pasillos luminosos en un <\/span><b>jard\u00edn interior<\/b><span style=\"font-weight: 400;\">, en el cual los alumnes pueden ver y aprender los procesos de plantaci\u00f3n y crecimiento de las plantas as\u00ed como el cuidado que requieren estas.<\/span><span style=\"color: #ffffff;\">a<\/span><\/p>\n<p><span style=\"font-weight: 400;\"><img loading=\"lazy\" class=\"wp-image-3751  alignright\" src=\"http:\/\/erreniegaip.educacion.navarra.es\/web\/wp-content\/uploads\/2019\/03\/IMG_0810-e1553679759334-200x300.jpg\" alt=\"\" width=\"308\" height=\"462\" srcset=\"https:\/\/erreniegaip.educacion.navarra.es\/web\/wp-content\/uploads\/2019\/03\/IMG_0810-e1553679759334-200x300.jpg 200w, https:\/\/erreniegaip.educacion.navarra.es\/web\/wp-content\/uploads\/2019\/03\/IMG_0810-e1553679759334-768x1152.jpg 768w, https:\/\/erreniegaip.educacion.navarra.es\/web\/wp-content\/uploads\/2019\/03\/IMG_0810-e1553679759334-683x1024.jpg 683w\" sizes=\"(max-width: 308px) 100vw, 308px\" \/><\/span><\/p>\n<p><span style=\"color: #ffffff;\">a<\/span><\/p>\n<p><span style=\"font-weight: 400;\">Nos parece importante que las actividades que se dan en el aula puedan desarrollarse en diferentes entornos como por ejemplo en el <\/span><b>rinc\u00f3n de lectura<\/b><span style=\"font-weight: 400;\">. Es m\u00e1s que un espacio d\u00f3nde se puede practicar la lectura, es un espacio para tranquilizarse y reflexionar y qui\u00e9n sabe lo que se nos puede ocurrir estando ah\u00ed mismo.<\/span><\/p>\n<p><span style=\"font-weight: 400;\">Tambi\u00e9n hemos creado el <\/span><b>aula de ciencias<\/b><span style=\"font-weight: 400;\"> para poder desarrollar la experimentaci\u00f3n y la cocina. En esta aula podemos encontrar herramientas para el desarrollo de diferentes actividades.<\/span><\/p>\n<p><span style=\"font-weight: 400;\">Estamos trabajando con el prop\u00f3sito de que espacios como los <\/span><b>pasillos y el patio<\/b><span style=\"font-weight: 400;\"> se conviertan en nuevos entornos de aprendizaje, porque &nbsp;creemos y defendemos que todos los espacios son multifuncionales. &nbsp;Tenemos como objetivo convertir el patio en un espacio inclusivo, donde se ofrezcan medios para la exploraci\u00f3n &nbsp;y se tengan en cuenta todas las personas con sus diferentes realidades (edad, necesidades, genero\u2026).<\/span><\/p>\n<p><span style=\"font-weight: 400;\">Queremos agradecer y mencionar que algunos de estos espacios han sido modificados con la ayuda de padres y madres de la escuela. Vuestra participaci\u00f3n es indispensable y gratamente recibida. \u00a1Gracias!<\/span><\/p>\n<p><img loading=\"lazy\" class=\"aligncenter wp-image-3785 \" src=\"http:\/\/erreniegaip.educacion.navarra.es\/web\/wp-content\/uploads\/2019\/03\/IMG-20170607-WA0006-e1553684202234-300x189.jpg\" alt=\"\" width=\"332\" height=\"209\" srcset=\"https:\/\/erreniegaip.educacion.navarra.es\/web\/wp-content\/uploads\/2019\/03\/IMG-20170607-WA0006-e1553684202234-300x189.jpg 300w, https:\/\/erreniegaip.educacion.navarra.es\/web\/wp-content\/uploads\/2019\/03\/IMG-20170607-WA0006-e1553684202234-768x483.jpg 768w, https:\/\/erreniegaip.educacion.navarra.es\/web\/wp-content\/uploads\/2019\/03\/IMG-20170607-WA0006-e1553684202234.jpg 1004w\" sizes=\"(max-width: 332px) 100vw, 332px\" \/><\/p>\n","protected":false},"excerpt":{"rendered":"<p>\u00abEspacios que contribuyen al cambio\u00bb<\/p>\n","protected":false},"author":1,"featured_media":3689,"parent":0,"menu_order":0,"comment_status":"open","ping_status":"open","template":"","meta":{"_genesis_hide_title":false,"_genesis_hide_breadcrumbs":false,"_genesis_hide_singular_image":false,"_genesis_hide_footer_widgets":false,"_genesis_custom_body_class":"","_genesis_custom_post_class":"","_genesis_layout":"full-width-content"},"_links":{"self":[{"href":"https:\/\/erreniegaip.educacion.navarra.es\/web\/es\/wp-json\/wp\/v2\/pages\/985"}],"collection":[{"href":"https:\/\/erreniegaip.educacion.navarra.es\/web\/es\/wp-json\/wp\/v2\/pages"}],"about":[{"href":"https:\/\/erreniegaip.educacion.navarra.es\/web\/es\/wp-json\/wp\/v2\/types\/page"}],"author":[{"embeddable":true,"href":"https:\/\/erreniegaip.educacion.navarra.es\/web\/es\/wp-json\/wp\/v2\/users\/1"}],"replies":[{"embeddable":true,"href":"https:\/\/erreniegaip.educacion.navarra.es\/web\/es\/wp-json\/wp\/v2\/comments?post=985"}],"version-history":[{"count":51,"href":"https:\/\/erreniegaip.educacion.navarra.es\/web\/es\/wp-json\/wp\/v2\/pages\/985\/revisions"}],"predecessor-version":[{"id":3924,"href":"https:\/\/erreniegaip.educacion.navarra.es\/web\/es\/wp-json\/wp\/v2\/pages\/985\/revisions\/3924"}],"wp:featuredmedia":[{"embeddable":true,"href":"https:\/\/erreniegaip.educacion.navarra.es\/web\/es\/wp-json\/wp\/v2\/media\/3689"}],"wp:attachment":[{"href":"https:\/\/erreniegaip.educacion.navarra.es\/web\/es\/wp-json\/wp\/v2\/media?parent=985"}],"curies":[{"name":"wp","href":"https:\/\/api.w.org\/{rel}","templated":true}]}}