{"id":885,"date":"2019-03-01T13:01:21","date_gmt":"2019-03-01T12:01:21","guid":{"rendered":"http:\/\/erreniegaip.educacion.navarra.es\/web\/?page_id=885"},"modified":"2019-03-20T11:38:24","modified_gmt":"2019-03-20T10:38:24","slug":"sumate","status":"publish","type":"page","link":"https:\/\/erreniegaip.educacion.navarra.es\/web\/es\/sumate\/","title":{"rendered":"S\u00famate"},"content":{"rendered":"<p><img loading=\"lazy\" class=\"aligncenter size-full wp-image-1181\" src=\"http:\/\/erreniegaip.educacion.navarra.es\/web\/wp-content\/uploads\/2015\/03\/erreniega-sumate-990x250.jpg\" alt=\"erreniega-sumate-990x250\" width=\"990\" height=\"250\" srcset=\"https:\/\/erreniegaip.educacion.navarra.es\/web\/wp-content\/uploads\/2015\/03\/erreniega-sumate-990x250.jpg 990w, https:\/\/erreniegaip.educacion.navarra.es\/web\/wp-content\/uploads\/2015\/03\/erreniega-sumate-990x250-300x76.jpg 300w\" sizes=\"(max-width: 990px) 100vw, 990px\" \/><span style=\"font-size: 18px;\"><span style=\"color: #04b1dc;\">\u201cEducar es creer en las personas\u201d<\/span><!--more--><\/span><\/p>\n<h5><span style=\"color: #00b7e3; font-size: 18px;\">MODELO D<\/span><\/h5>\n<p style=\"text-align: justify;\"><span style=\"font-size: 18px;\">Es una opci\u00f3n educativa que permite alcanzar un pluriling\u00fcismo real mediante un enfoque comunicativo.<\/span><\/p>\n<p style=\"text-align: justify;\"><span style=\"font-size: 18px;\">En Erreniega formamos personas, es decir, ayudamos a los ni\u00f1os y las ni\u00f1as en el desarrollo emocional, cognitivo, social y afectivo.&nbsp;Adem\u00e1s de la formaci\u00f3n acad\u00e9mica, los valores de igualdad, respeto, solidaridad y responsabilidad forman parte de nuestro quehacer cotidiano.<\/span><\/p>\n<p style=\"text-align: justify;\"><span style=\"font-size: 18px;\">Buscamos el aprendizaje activo, donde el alumnado desarrolla hip\u00f3tesis propias acerca de c\u00f3mo funciona el mundo, convirti\u00e9ndose as\u00ed en protagonista de su propio aprendizaje.<\/span><\/p>\n<p style=\"text-align: justify;\"><span style=\"font-size: 18px;\">Lo importante hoy es SER COMPETENTE, que quiere decir saber, saber hacer y saber ser. Resolver problemas, dilemas, desarrollar proyectos en contextos reales requiere por un lado de muchos saberes, te\u00f3ricos y pr\u00e1cticos, y por otro de mucha imaginaci\u00f3n y creatividad.<\/span><\/p>\n","protected":false},"excerpt":{"rendered":"<p>\u201cEducar es creer en las personas\u201d<\/p>\n","protected":false},"author":1,"featured_media":3676,"parent":0,"menu_order":0,"comment_status":"open","ping_status":"open","template":"","meta":{"_genesis_hide_title":false,"_genesis_hide_breadcrumbs":false,"_genesis_hide_singular_image":false,"_genesis_hide_footer_widgets":false,"_genesis_custom_body_class":"","_genesis_custom_post_class":"","_genesis_layout":"full-width-content"},"_links":{"self":[{"href":"https:\/\/erreniegaip.educacion.navarra.es\/web\/es\/wp-json\/wp\/v2\/pages\/885"}],"collection":[{"href":"https:\/\/erreniegaip.educacion.navarra.es\/web\/es\/wp-json\/wp\/v2\/pages"}],"about":[{"href":"https:\/\/erreniegaip.educacion.navarra.es\/web\/es\/wp-json\/wp\/v2\/types\/page"}],"author":[{"embeddable":true,"href":"https:\/\/erreniegaip.educacion.navarra.es\/web\/es\/wp-json\/wp\/v2\/users\/1"}],"replies":[{"embeddable":true,"href":"https:\/\/erreniegaip.educacion.navarra.es\/web\/es\/wp-json\/wp\/v2\/comments?post=885"}],"version-history":[{"count":22,"href":"https:\/\/erreniegaip.educacion.navarra.es\/web\/es\/wp-json\/wp\/v2\/pages\/885\/revisions"}],"predecessor-version":[{"id":3314,"href":"https:\/\/erreniegaip.educacion.navarra.es\/web\/es\/wp-json\/wp\/v2\/pages\/885\/revisions\/3314"}],"wp:featuredmedia":[{"embeddable":true,"href":"https:\/\/erreniegaip.educacion.navarra.es\/web\/es\/wp-json\/wp\/v2\/media\/3676"}],"wp:attachment":[{"href":"https:\/\/erreniegaip.educacion.navarra.es\/web\/es\/wp-json\/wp\/v2\/media?parent=885"}],"curies":[{"name":"wp","href":"https:\/\/api.w.org\/{rel}","templated":true}]}}