{"id":836,"date":"2015-01-16T11:45:50","date_gmt":"2015-01-16T10:45:50","guid":{"rendered":"http:\/\/erreniegaip.educacion.navarra.es\/web\/?page_id=836"},"modified":"2020-09-22T19:08:48","modified_gmt":"2020-09-22T17:08:48","slug":"oferta-educativa","status":"publish","type":"page","link":"https:\/\/erreniegaip.educacion.navarra.es\/web\/es\/oferta-educativa\/","title":{"rendered":"Oferta Educativa"},"content":{"rendered":"<p><span style=\"font-size: 17px;\">Erreniega es una escuela integrada en Zizur, lo que favorece la accesibilidad y las relaciones sociales.<\/span><\/p>\n<p><span style=\"font-size: 17px;\">Somos un centro cercano y de confianza.<\/span><\/p>\n<p><span style=\"font-size: 17px;\">Ofrecemos visitas personalizadas en las que os presentamos nuestro Proyecto Educativo, damos respuesta a vuestras dudas y recogemos vuestras expectativas.<\/span><\/p>\n<h4><span style=\"font-size: 21px;\"><strong><span style=\"color: #33cccc;\">Educaci\u00f3n Infantil (3-6 A\u00f1os):<\/span><\/strong><\/span><\/h4>\n<ul>\n<li>La Educaci\u00f3n Infantil, etapa educativa de car\u00e1cter voluntario, tiene identidad propia y atiende a ni\u00f1as y ni\u00f1os desde que nacen hasta los seis a\u00f1os.<\/li>\n<li>Se ordena en dos ciclos: el primero comprende hasta los tres a\u00f1os de edad y el segundo desde los tres hasta los seis.<\/li>\n<li>La finalidad de la Educaci\u00f3n Infantil es contribuir al desarrollo f\u00edsico, afectivo, social e intelectual de los ni\u00f1os y las ni\u00f1as.<\/li>\n<\/ul>\n<h3><img loading=\"lazy\" class=\"aligncenter wp-image-3367 size-full\" src=\"http:\/\/erreniegaip.educacion.navarra.es\/web\/wp-content\/uploads\/2019\/02\/erreniega-destacados-secciones-990x250-OFERTA-EDUCATIVA-2.jpg\" alt=\"\" width=\"990\" height=\"250\" srcset=\"https:\/\/erreniegaip.educacion.navarra.es\/web\/wp-content\/uploads\/2019\/02\/erreniega-destacados-secciones-990x250-OFERTA-EDUCATIVA-2.jpg 990w, https:\/\/erreniegaip.educacion.navarra.es\/web\/wp-content\/uploads\/2019\/02\/erreniega-destacados-secciones-990x250-OFERTA-EDUCATIVA-2-300x76.jpg 300w, https:\/\/erreniegaip.educacion.navarra.es\/web\/wp-content\/uploads\/2019\/02\/erreniega-destacados-secciones-990x250-OFERTA-EDUCATIVA-2-768x194.jpg 768w\" sizes=\"(max-width: 990px) 100vw, 990px\" \/><\/h3>\n<h4><span style=\"color: #33cccc;\">Educaci\u00f3n Primaria (6-12 A\u00f1os):<\/span><\/h4>\n<ul>\n<li>En esta Etapa se hace especial hincapi\u00e9 en el desarrollo de h\u00e1bitos, actitudes y valores que favorezcan la formaci\u00f3n integral del alumnado.<\/li>\n<li>La Educaci\u00f3n Primaria facilita la integraci\u00f3n de las distintas experiencias y aprendizajes del alumnado y se adapta a sus ritmos de trabajo, a sus caracter\u00edsticas individuales, con el fin de conseguir que todo el alumnado alcance los objetivos y desarrolle el m\u00e1ximo de sus posibilidades.<\/li>\n<\/ul>\n<p><img loading=\"lazy\" class=\"aligncenter wp-image-3400 size-full\" src=\"http:\/\/erreniegaip.educacion.navarra.es\/web\/wp-content\/uploads\/2019\/02\/erreniega-destacados-secciones-990x250-oferta-educativa2.jpg\" alt=\"\" width=\"990\" height=\"250\" srcset=\"https:\/\/erreniegaip.educacion.navarra.es\/web\/wp-content\/uploads\/2019\/02\/erreniega-destacados-secciones-990x250-oferta-educativa2.jpg 990w, https:\/\/erreniegaip.educacion.navarra.es\/web\/wp-content\/uploads\/2019\/02\/erreniega-destacados-secciones-990x250-oferta-educativa2-300x76.jpg 300w, https:\/\/erreniegaip.educacion.navarra.es\/web\/wp-content\/uploads\/2019\/02\/erreniega-destacados-secciones-990x250-oferta-educativa2-768x194.jpg 768w\" sizes=\"(max-width: 990px) 100vw, 990px\" \/><\/p>\n","protected":false},"excerpt":{"rendered":"<p>Erreniega es una escuela integrada en Zizur, lo que favorece la accesibilidad y las relaciones sociales. Somos un centro cercano y de confianza. Ofrecemos visitas personalizadas en las que os presentamos nuestro Proyecto Educativo, damos respuesta a vuestras dudas y recogemos vuestras expectativas. Educaci\u00f3n Infantil (3-6 A\u00f1os): La Educaci\u00f3n Infantil, etapa educativa de car\u00e1cter voluntario, [&hellip;]<\/p>\n","protected":false},"author":1,"featured_media":0,"parent":0,"menu_order":0,"comment_status":"open","ping_status":"open","template":"","meta":{"_genesis_hide_title":false,"_genesis_hide_breadcrumbs":false,"_genesis_hide_singular_image":false,"_genesis_hide_footer_widgets":false,"_genesis_custom_body_class":"","_genesis_custom_post_class":"","_genesis_layout":"full-width-content"},"_links":{"self":[{"href":"https:\/\/erreniegaip.educacion.navarra.es\/web\/es\/wp-json\/wp\/v2\/pages\/836"}],"collection":[{"href":"https:\/\/erreniegaip.educacion.navarra.es\/web\/es\/wp-json\/wp\/v2\/pages"}],"about":[{"href":"https:\/\/erreniegaip.educacion.navarra.es\/web\/es\/wp-json\/wp\/v2\/types\/page"}],"author":[{"embeddable":true,"href":"https:\/\/erreniegaip.educacion.navarra.es\/web\/es\/wp-json\/wp\/v2\/users\/1"}],"replies":[{"embeddable":true,"href":"https:\/\/erreniegaip.educacion.navarra.es\/web\/es\/wp-json\/wp\/v2\/comments?post=836"}],"version-history":[{"count":20,"href":"https:\/\/erreniegaip.educacion.navarra.es\/web\/es\/wp-json\/wp\/v2\/pages\/836\/revisions"}],"predecessor-version":[{"id":4346,"href":"https:\/\/erreniegaip.educacion.navarra.es\/web\/es\/wp-json\/wp\/v2\/pages\/836\/revisions\/4346"}],"wp:attachment":[{"href":"https:\/\/erreniegaip.educacion.navarra.es\/web\/es\/wp-json\/wp\/v2\/media?parent=836"}],"curies":[{"name":"wp","href":"https:\/\/api.w.org\/{rel}","templated":true}]}}