{"id":5894,"date":"2023-07-04T16:28:39","date_gmt":"2023-07-04T14:28:39","guid":{"rendered":"https:\/\/erreniegaip.educacion.navarra.es\/web\/?page_id=5894"},"modified":"2023-07-04T16:28:40","modified_gmt":"2023-07-04T14:28:40","slug":"libros-y-material-escolar","status":"publish","type":"page","link":"https:\/\/erreniegaip.educacion.navarra.es\/web\/es\/libros-y-material-escolar\/","title":{"rendered":"Libros y material escolar"},"content":{"rendered":"\n<p>Aqu\u00ed podr\u00e9is ver el material y libros que utilizar\u00e1 el alumnado en el curso 2023-2024. Haz clic en la imagen para ver documento.<\/p>\n\n\n\n<div class=\"wp-block-image\"><figure class=\"aligncenter size-large is-resized\"><a href=\"https:\/\/erreniegaip.educacion.navarra.es\/web\/wp-content\/uploads\/2023\/07\/ZE010203-Testu-liburuak-eta-ikas-materiala-gurasoak-2-4.pdf\" target=\"_blank\" rel=\"noopener\"><img loading=\"lazy\" src=\"https:\/\/erreniegaip.educacion.navarra.es\/web\/wp-content\/uploads\/2023\/07\/Portada-Cuaderno-Profesor-Material-Escolar-Ilustrado-Rosa-Lila-1-791x1024.png\" alt=\"\" class=\"wp-image-5890\" width=\"270\" height=\"350\" srcset=\"https:\/\/erreniegaip.educacion.navarra.es\/web\/wp-content\/uploads\/2023\/07\/Portada-Cuaderno-Profesor-Material-Escolar-Ilustrado-Rosa-Lila-1-791x1024.png 791w, https:\/\/erreniegaip.educacion.navarra.es\/web\/wp-content\/uploads\/2023\/07\/Portada-Cuaderno-Profesor-Material-Escolar-Ilustrado-Rosa-Lila-1-232x300.png 232w, https:\/\/erreniegaip.educacion.navarra.es\/web\/wp-content\/uploads\/2023\/07\/Portada-Cuaderno-Profesor-Material-Escolar-Ilustrado-Rosa-Lila-1-768x994.png 768w, https:\/\/erreniegaip.educacion.navarra.es\/web\/wp-content\/uploads\/2023\/07\/Portada-Cuaderno-Profesor-Material-Escolar-Ilustrado-Rosa-Lila-1-1187x1536.png 1187w, https:\/\/erreniegaip.educacion.navarra.es\/web\/wp-content\/uploads\/2023\/07\/Portada-Cuaderno-Profesor-Material-Escolar-Ilustrado-Rosa-Lila-1.png 1545w\" sizes=\"(max-width: 270px) 100vw, 270px\" \/><\/a><\/figure><\/div>\n","protected":false},"excerpt":{"rendered":"<p>Aqu\u00ed podr\u00e9is ver el material y libros que utilizar\u00e1 el alumnado en el curso 2023-2024. Haz clic en la imagen para ver documento.<\/p>\n","protected":false},"author":1,"featured_media":0,"parent":0,"menu_order":0,"comment_status":"closed","ping_status":"closed","template":"","meta":{"_genesis_hide_title":false,"_genesis_hide_breadcrumbs":false,"_genesis_hide_singular_image":false,"_genesis_hide_footer_widgets":false,"_genesis_custom_body_class":"","_genesis_custom_post_class":"","_genesis_layout":""},"_links":{"self":[{"href":"https:\/\/erreniegaip.educacion.navarra.es\/web\/es\/wp-json\/wp\/v2\/pages\/5894"}],"collection":[{"href":"https:\/\/erreniegaip.educacion.navarra.es\/web\/es\/wp-json\/wp\/v2\/pages"}],"about":[{"href":"https:\/\/erreniegaip.educacion.navarra.es\/web\/es\/wp-json\/wp\/v2\/types\/page"}],"author":[{"embeddable":true,"href":"https:\/\/erreniegaip.educacion.navarra.es\/web\/es\/wp-json\/wp\/v2\/users\/1"}],"replies":[{"embeddable":true,"href":"https:\/\/erreniegaip.educacion.navarra.es\/web\/es\/wp-json\/wp\/v2\/comments?post=5894"}],"version-history":[{"count":1,"href":"https:\/\/erreniegaip.educacion.navarra.es\/web\/es\/wp-json\/wp\/v2\/pages\/5894\/revisions"}],"predecessor-version":[{"id":5897,"href":"https:\/\/erreniegaip.educacion.navarra.es\/web\/es\/wp-json\/wp\/v2\/pages\/5894\/revisions\/5897"}],"wp:attachment":[{"href":"https:\/\/erreniegaip.educacion.navarra.es\/web\/es\/wp-json\/wp\/v2\/media?parent=5894"}],"curies":[{"name":"wp","href":"https:\/\/api.w.org\/{rel}","templated":true}]}}