{"id":5543,"date":"2023-01-10T16:48:06","date_gmt":"2023-01-10T15:48:06","guid":{"rendered":"https:\/\/erreniegaip.educacion.navarra.es\/web\/?page_id=5543"},"modified":"2023-03-21T11:16:33","modified_gmt":"2023-03-21T10:16:33","slug":"gela-irekiak","status":"publish","type":"page","link":"https:\/\/erreniegaip.educacion.navarra.es\/web\/es\/gela-irekiak\/","title":{"rendered":"AULAS ABIERTAS:"},"content":{"rendered":"\n<ul><li>Al facilitar la apertura de las aulas, convertimos el pasillo en un nuevo espacio com\u00fan que les ofrece Al facilitar la apertura de las aulas, convertimos el pasillo en un nuevo espacio com\u00fan que les ofrece otras propuestas de trabajo y materiales. As\u00ed, interact\u00faan con alumnado y profesorado de diferentes aulas. Como consecuencia, se ampl\u00edan las vivencias del alumnado, se fortalecen las relaciones y la confianza en un ambiente seguro donde se promueve la autonom\u00eda.<\/li><\/ul>\n\n\n\n<figure class=\"wp-block-gallery has-nested-images columns-default is-cropped\">\n<figure class=\"wp-block-image size-large\"><a href=\"https:\/\/erreniegaip.educacion.navarra.es\/web\/wp-content\/uploads\/2023\/01\/IMG_20221215_160436-1-scaled.jpg\"><img loading=\"lazy\" width=\"2560\" height=\"1928\" data-id=\"5575\"  src=\"https:\/\/erreniegaip.educacion.navarra.es\/web\/wp-content\/uploads\/2023\/01\/IMG_20221215_160436-1-scaled.jpg\" alt=\"\" class=\"wp-image-5575\" srcset=\"https:\/\/erreniegaip.educacion.navarra.es\/web\/wp-content\/uploads\/2023\/01\/IMG_20221215_160436-1-scaled.jpg 2560w, https:\/\/erreniegaip.educacion.navarra.es\/web\/wp-content\/uploads\/2023\/01\/IMG_20221215_160436-1-300x226.jpg 300w, https:\/\/erreniegaip.educacion.navarra.es\/web\/wp-content\/uploads\/2023\/01\/IMG_20221215_160436-1-1024x771.jpg 1024w, https:\/\/erreniegaip.educacion.navarra.es\/web\/wp-content\/uploads\/2023\/01\/IMG_20221215_160436-1-768x578.jpg 768w, https:\/\/erreniegaip.educacion.navarra.es\/web\/wp-content\/uploads\/2023\/01\/IMG_20221215_160436-1-1536x1157.jpg 1536w, https:\/\/erreniegaip.educacion.navarra.es\/web\/wp-content\/uploads\/2023\/01\/IMG_20221215_160436-1-2048x1542.jpg 2048w\" sizes=\"(max-width: 2560px) 100vw, 2560px\" \/><\/a><\/figure>\n\n\n\n<figure class=\"wp-block-image size-large\"><a href=\"https:\/\/erreniegaip.educacion.navarra.es\/web\/wp-content\/uploads\/2023\/01\/IMG_20230112_152200-1-scaled.jpg\"><img loading=\"lazy\" width=\"1920\" height=\"2560\" data-id=\"5577\"  src=\"https:\/\/erreniegaip.educacion.navarra.es\/web\/wp-content\/uploads\/2023\/01\/IMG_20230112_152200-1-scaled.jpg\" alt=\"\" class=\"wp-image-5577\" srcset=\"https:\/\/erreniegaip.educacion.navarra.es\/web\/wp-content\/uploads\/2023\/01\/IMG_20230112_152200-1-scaled.jpg 1920w, https:\/\/erreniegaip.educacion.navarra.es\/web\/wp-content\/uploads\/2023\/01\/IMG_20230112_152200-1-225x300.jpg 225w, https:\/\/erreniegaip.educacion.navarra.es\/web\/wp-content\/uploads\/2023\/01\/IMG_20230112_152200-1-768x1024.jpg 768w, https:\/\/erreniegaip.educacion.navarra.es\/web\/wp-content\/uploads\/2023\/01\/IMG_20230112_152200-1-1152x1536.jpg 1152w, https:\/\/erreniegaip.educacion.navarra.es\/web\/wp-content\/uploads\/2023\/01\/IMG_20230112_152200-1-1536x2048.jpg 1536w\" sizes=\"(max-width: 1920px) 100vw, 1920px\" \/><\/a><\/figure>\n<\/figure>\n\n\n\n<figure class=\"wp-block-gallery has-nested-images columns-default is-cropped\">\n<figure class=\"wp-block-image size-large\"><a href=\"https:\/\/erreniegaip.educacion.navarra.es\/web\/wp-content\/uploads\/2023\/01\/IMG_20230112_154056-1-scaled.jpg\"><img loading=\"lazy\" width=\"1920\" height=\"2560\" data-id=\"5579\"  src=\"https:\/\/erreniegaip.educacion.navarra.es\/web\/wp-content\/uploads\/2023\/01\/IMG_20230112_154056-1-scaled.jpg\" alt=\"\" class=\"wp-image-5579\" srcset=\"https:\/\/erreniegaip.educacion.navarra.es\/web\/wp-content\/uploads\/2023\/01\/IMG_20230112_154056-1-scaled.jpg 1920w, https:\/\/erreniegaip.educacion.navarra.es\/web\/wp-content\/uploads\/2023\/01\/IMG_20230112_154056-1-225x300.jpg 225w, https:\/\/erreniegaip.educacion.navarra.es\/web\/wp-content\/uploads\/2023\/01\/IMG_20230112_154056-1-768x1024.jpg 768w, https:\/\/erreniegaip.educacion.navarra.es\/web\/wp-content\/uploads\/2023\/01\/IMG_20230112_154056-1-1152x1536.jpg 1152w, https:\/\/erreniegaip.educacion.navarra.es\/web\/wp-content\/uploads\/2023\/01\/IMG_20230112_154056-1-1536x2048.jpg 1536w\" sizes=\"(max-width: 1920px) 100vw, 1920px\" \/><\/a><\/figure>\n<\/figure>\n","protected":false},"excerpt":{"rendered":"<p>Al facilitar la apertura de las aulas, convertimos el pasillo en un nuevo espacio com\u00fan que les ofrece Al facilitar la apertura de las aulas, convertimos el pasillo en un nuevo espacio com\u00fan que les ofrece otras propuestas de trabajo y materiales. As\u00ed, interact\u00faan con alumnado y profesorado de diferentes aulas. Como consecuencia, se ampl\u00edan [&hellip;]<\/p>\n","protected":false},"author":1,"featured_media":0,"parent":0,"menu_order":0,"comment_status":"closed","ping_status":"closed","template":"","meta":{"_genesis_hide_title":false,"_genesis_hide_breadcrumbs":false,"_genesis_hide_singular_image":false,"_genesis_hide_footer_widgets":false,"_genesis_custom_body_class":"","_genesis_custom_post_class":"","_genesis_layout":""},"_links":{"self":[{"href":"https:\/\/erreniegaip.educacion.navarra.es\/web\/es\/wp-json\/wp\/v2\/pages\/5543"}],"collection":[{"href":"https:\/\/erreniegaip.educacion.navarra.es\/web\/es\/wp-json\/wp\/v2\/pages"}],"about":[{"href":"https:\/\/erreniegaip.educacion.navarra.es\/web\/es\/wp-json\/wp\/v2\/types\/page"}],"author":[{"embeddable":true,"href":"https:\/\/erreniegaip.educacion.navarra.es\/web\/es\/wp-json\/wp\/v2\/users\/1"}],"replies":[{"embeddable":true,"href":"https:\/\/erreniegaip.educacion.navarra.es\/web\/es\/wp-json\/wp\/v2\/comments?post=5543"}],"version-history":[{"count":4,"href":"https:\/\/erreniegaip.educacion.navarra.es\/web\/es\/wp-json\/wp\/v2\/pages\/5543\/revisions"}],"predecessor-version":[{"id":5793,"href":"https:\/\/erreniegaip.educacion.navarra.es\/web\/es\/wp-json\/wp\/v2\/pages\/5543\/revisions\/5793"}],"wp:attachment":[{"href":"https:\/\/erreniegaip.educacion.navarra.es\/web\/es\/wp-json\/wp\/v2\/media?parent=5543"}],"curies":[{"name":"wp","href":"https:\/\/api.w.org\/{rel}","templated":true}]}}