{"id":5527,"date":"2023-01-10T16:41:53","date_gmt":"2023-01-10T15:41:53","guid":{"rendered":"https:\/\/erreniegaip.educacion.navarra.es\/web\/?page_id=5527"},"modified":"2023-03-21T11:31:51","modified_gmt":"2023-03-21T10:31:51","slug":"stem","status":"publish","type":"page","link":"https:\/\/erreniegaip.educacion.navarra.es\/web\/es\/stem\/","title":{"rendered":"<strong>STEM<\/strong>"},"content":{"rendered":"\n<div class=\"wp-block-image is-style-rounded\"><figure class=\"aligncenter size-large is-resized\"><a href=\"https:\/\/erreniegaip.educacion.navarra.es\/web\/wp-content\/uploads\/2023\/01\/IMG_3080-1-scaled.jpg\"><img loading=\"lazy\" src=\"https:\/\/erreniegaip.educacion.navarra.es\/web\/wp-content\/uploads\/2023\/01\/IMG_3080-1-1024x768.jpg\" alt=\"\" class=\"wp-image-5570\" width=\"588\" height=\"441\" srcset=\"https:\/\/erreniegaip.educacion.navarra.es\/web\/wp-content\/uploads\/2023\/01\/IMG_3080-1-1024x768.jpg 1024w, https:\/\/erreniegaip.educacion.navarra.es\/web\/wp-content\/uploads\/2023\/01\/IMG_3080-1-300x225.jpg 300w, https:\/\/erreniegaip.educacion.navarra.es\/web\/wp-content\/uploads\/2023\/01\/IMG_3080-1-768x576.jpg 768w, https:\/\/erreniegaip.educacion.navarra.es\/web\/wp-content\/uploads\/2023\/01\/IMG_3080-1-1536x1152.jpg 1536w, https:\/\/erreniegaip.educacion.navarra.es\/web\/wp-content\/uploads\/2023\/01\/IMG_3080-1-2048x1536.jpg 2048w\" sizes=\"(max-width: 588px) 100vw, 588px\" \/><\/a><\/figure><\/div>\n\n\n\n<p>Nuestra escuela orienta al alumnado hacia el logro de la competencia cient\u00edfica a trav\u00e9s de las STEM. Para ello hemos desarrollado dos proyectos de innovaci\u00f3n que combinar\u00e1n matem\u00e1ticas, ciencia y rob\u00f3tica: explorando la ciencia y la matem\u00e1tica y rob\u00f3tica para transformar la sociedad.<\/p>\n\n\n\n<p>La sociedad actual est\u00e1 en constante cambio desde el mundo industrializado al mundo basado en la informaci\u00f3n y el conocimiento. El desarrollo de las nuevas tecnolog\u00edas de la informaci\u00f3n y la comunicaci\u00f3n ha tenido una gran influencia en estos cambios constantes. Adem\u00e1s, otra caracter\u00edstica de esta sociedad actual es la formaci\u00f3n continua, la ciudadan\u00eda est\u00e1 aprendiendo a adaptarse a los cambios. Por tanto, la educaci\u00f3n tiene nuevos retos en el proceso de ense\u00f1anza-aprendizaje y la metodolog\u00eda empleada debe dar respuesta a los cambios constantes.&nbsp;<\/p>\n\n\n\n<p>La elaboraci\u00f3n e interdisciplinariedad de las \u00e1reas STEM permite al alumnado tener una visi\u00f3n hol\u00edstica del aprendizaje, incidiendo tambi\u00e9n en la construcci\u00f3n del conocimiento. De esta forma, permitir\u00e1 abordar los problemas desde una perspectiva m\u00e1s global y completa, tanto en contextos educativos como fuera del contexto educativo.<\/p>\n\n\n\n<p>Mediante las STEM&nbsp; se fomenta la adquisici\u00f3n de las competencias de alfabetizaci\u00f3n digital necesarias en el mundo de la tecnolog\u00eda a trav\u00e9s de las TIC, que son uno de los pilares fundamentales de la actual situaci\u00f3n laboral y social. Por todo ello, es imprescindible un modelo educativo que integre la autonom\u00eda de aprendizaje y la capacidad de aprender a aprender. Ambas caracter\u00edsticas pretenden que el alumnado sea protagonista de su propio aprendizaje y entienda la realidad a trav\u00e9s de actividades multidisciplinares.<\/p>\n\n\n\n<p class=\"has-text-align-center\"><strong>MATEM\u00c1TICAS MANIPULATIVAS<\/strong><\/p>\n\n\n\n<p>En esta escuela se ha recibido formaci\u00f3n en matem\u00e1ticas manipulativas, por lo que en el d\u00eda a d\u00eda de la escuela utilizamos este tipo de material para trabajar las matem\u00e1ticas con los ni\u00f1os y ni\u00f1as. Para ello se utilizan diferentes materiales, entre otros, materiales de Montessori.<\/p>\n\n\n\n<div class=\"wp-block-image\"><figure class=\"aligncenter is-resized\"><img loading=\"lazy\" src=\"https:\/\/lh4.googleusercontent.com\/fCV0wOj5KhPz2vbLiEK_d7GOTjHd9iOHwCQsGdBI0jB7KnNG6XD7IBHiSHnGNfexbeeNy7fk1J0mkNwuBCQK-MtmQYfgBDTCBHpQSg2dH0T7eJS3p3VCEZNxwXmRX_Oxi6v2K0Q7oJOe8x-ponY_chY\" alt=\"\" width=\"-163\" height=\"-129\"\/><\/figure><\/div>\n\n\n\n<div class=\"wp-block-image\"><figure class=\"aligncenter is-resized\"><img loading=\"lazy\" src=\"https:\/\/lh4.googleusercontent.com\/8a_HVeXFT4KnTVsIG0IJKVhqQm8h8-mxaKTj9YAtYKlJL7DJZV0bKH8jDo9p2gadawxhrIyYdDlhDiC6kSuVPNq3GYyLIY-H6GzKYWNvLUmrS0G6K6azdeIxILyrPKp5xX8C4gf8nndjCsoqG3QUlXM\" alt=\"\" width=\"374\" height=\"281\"\/><\/figure><\/div>\n\n\n\n<div class=\"wp-block-image\"><figure class=\"aligncenter is-resized\"><img loading=\"lazy\" src=\"https:\/\/lh3.googleusercontent.com\/vs3RQhBf4EjUjM-c6Hg17gwxiZ6knrfTt03MO5ZSBTJUBkBwH3De_NCuI-Kqem5pFnL70lnEqIBHGOE0FkXQ1oKxlFB0lr4vtRYfhiK-QfHTazwLsD4PGdexMpaoGiYuRC3ar5u2E-mwhJ01MQ01RNQ\" alt=\"\" width=\"490\" height=\"275\"\/><\/figure><\/div>\n\n\n\n<div class=\"wp-block-image\"><figure class=\"aligncenter is-resized\"><img loading=\"lazy\" src=\"https:\/\/lh4.googleusercontent.com\/N6U1ENefX9vKOytGF6zDlH-B0uMjhzlohzpU1Rzrhkv8IdXbUbm55bQlaJqdBTkzdCZ_ytiu0NX-eHdXFCM6XF56AXGWAM3ZTtoRG9slVWIb4aEmz8JyCACwb9hrnTBK3O2Bh0pNO55tU7rfxfbcIz0\" alt=\"\" width=\"222\" height=\"296\"\/><\/figure><\/div>\n\n\n\n<p><a href=\"https:\/\/drive.google.com\/file\/d\/1OXYPjTY42ZJT5UPW4PDvAxZQiAgq26VE\/view?usp=share_link\"><a href=\"https:\/\/drive.google.com\/file\/d\/1OXYPjTY42ZJT5UPW4PDvAxZQiAgq26VE\/view?usp=share_link\">Bibliograf\u00eda<\/a><\/a><\/p>\n\n\n\n<p><\/p>\n","protected":false},"excerpt":{"rendered":"<p>Nuestra escuela orienta al alumnado hacia el logro de la competencia cient\u00edfica a trav\u00e9s de las STEM. Para ello hemos desarrollado dos proyectos de innovaci\u00f3n que combinar\u00e1n matem\u00e1ticas, ciencia y rob\u00f3tica: explorando la ciencia y la matem\u00e1tica y rob\u00f3tica para transformar la sociedad. La sociedad actual est\u00e1 en constante cambio desde el mundo industrializado al [&hellip;]<\/p>\n","protected":false},"author":1,"featured_media":0,"parent":0,"menu_order":0,"comment_status":"closed","ping_status":"closed","template":"","meta":{"_genesis_hide_title":false,"_genesis_hide_breadcrumbs":false,"_genesis_hide_singular_image":false,"_genesis_hide_footer_widgets":false,"_genesis_custom_body_class":"","_genesis_custom_post_class":"","_genesis_layout":""},"_links":{"self":[{"href":"https:\/\/erreniegaip.educacion.navarra.es\/web\/es\/wp-json\/wp\/v2\/pages\/5527"}],"collection":[{"href":"https:\/\/erreniegaip.educacion.navarra.es\/web\/es\/wp-json\/wp\/v2\/pages"}],"about":[{"href":"https:\/\/erreniegaip.educacion.navarra.es\/web\/es\/wp-json\/wp\/v2\/types\/page"}],"author":[{"embeddable":true,"href":"https:\/\/erreniegaip.educacion.navarra.es\/web\/es\/wp-json\/wp\/v2\/users\/1"}],"replies":[{"embeddable":true,"href":"https:\/\/erreniegaip.educacion.navarra.es\/web\/es\/wp-json\/wp\/v2\/comments?post=5527"}],"version-history":[{"count":5,"href":"https:\/\/erreniegaip.educacion.navarra.es\/web\/es\/wp-json\/wp\/v2\/pages\/5527\/revisions"}],"predecessor-version":[{"id":5802,"href":"https:\/\/erreniegaip.educacion.navarra.es\/web\/es\/wp-json\/wp\/v2\/pages\/5527\/revisions\/5802"}],"wp:attachment":[{"href":"https:\/\/erreniegaip.educacion.navarra.es\/web\/es\/wp-json\/wp\/v2\/media?parent=5527"}],"curies":[{"name":"wp","href":"https:\/\/api.w.org\/{rel}","templated":true}]}}