{"id":5409,"date":"2022-11-24T10:51:38","date_gmt":"2022-11-24T09:51:38","guid":{"rendered":"https:\/\/erreniegaip.educacion.navarra.es\/web\/?page_id=5409"},"modified":"2023-03-21T10:17:47","modified_gmt":"2023-03-21T09:17:47","slug":"grupos-interactivos","status":"publish","type":"page","link":"https:\/\/erreniegaip.educacion.navarra.es\/web\/es\/grupos-interactivos\/","title":{"rendered":"Grupos interactivos"},"content":{"rendered":"\n<figure class=\"wp-block-image size-large is-resized\"><a href=\"https:\/\/erreniegaip.educacion.navarra.es\/web\/wp-content\/uploads\/2022\/06\/IMG_20220429_115912.jpg\"><img loading=\"lazy\" src=\"https:\/\/erreniegaip.educacion.navarra.es\/web\/wp-content\/uploads\/2022\/06\/IMG_20220429_115912-1024x432.jpg\" alt=\"\" class=\"wp-image-5240\" width=\"840\" height=\"354\" srcset=\"https:\/\/erreniegaip.educacion.navarra.es\/web\/wp-content\/uploads\/2022\/06\/IMG_20220429_115912-1024x432.jpg 1024w, https:\/\/erreniegaip.educacion.navarra.es\/web\/wp-content\/uploads\/2022\/06\/IMG_20220429_115912-300x127.jpg 300w, https:\/\/erreniegaip.educacion.navarra.es\/web\/wp-content\/uploads\/2022\/06\/IMG_20220429_115912-768x324.jpg 768w, https:\/\/erreniegaip.educacion.navarra.es\/web\/wp-content\/uploads\/2022\/06\/IMG_20220429_115912-1536x648.jpg 1536w, https:\/\/erreniegaip.educacion.navarra.es\/web\/wp-content\/uploads\/2022\/06\/IMG_20220429_115912-2048x864.jpg 2048w\" sizes=\"(max-width: 840px) 100vw, 840px\" \/><\/a><\/figure>\n\n\n\n<p><strong>\u00bfQU\u00c9 SON?<\/strong><\/p>\n\n\n\n<p>Los grupos interactivos son una forma de organizar el aula de manera inclusiva. Estas pr\u00e1cticas favorecen el di\u00e1logo e interacci\u00f3n entre el alumnado y en ellas participa el voluntariado de la comunidad educativa dentro del aula.<\/p>\n\n\n\n<p>A trav\u00e9s de este agrupamiento, el alumnado se ayuda mutuamente y aprende de forma conjunta, mientras que el rol del docente y del voluntariado consiste en ayudar durante el proceso de aprendizaje y facilitar la comunicaci\u00f3n dial\u00f3gica.<\/p>\n\n\n\n<p><strong>\u00bfQUI\u00c9N PARTICIPA?<\/strong><\/p>\n\n\n\n<p>En los grupos interactivos participan diferentes agentes educativos:<\/p>\n\n\n\n<ul><li>Alumnado.<\/li><li>Profesorado.<\/li><li>Voluntarios de la comunidad educativa: familias, vecindario, estudiantes en pr\u00e1cticas, voluntariado de la universidad, etc.<\/li><\/ul>\n\n\n\n<p><strong>\u00bfQU\u00c9 PUEDO HACER PARA PARTICIPAR?<\/strong><\/p>\n\n\n\n<p>\u00a1Necesitamos voluntariado en la escuela! \u00a1An\u00edmate!<\/p>\n\n\n\n<p>\u00bfQu\u00e9 hace falta para venir a lo nuestro?<\/p>\n\n\n\n<ul><li>Gusto por trabajar con ni\u00f1os\/as.<\/li><li>Disponibilidad de dos sesiones semanales seguidas para participar en la escuela.<\/li><\/ul>\n\n\n\n<p>\u00bfTe vas a animar? Si eres familia de la escuela puedes ponerte en contacto con el tutor. Si no, puede ponerse en contacto con nosotros escribiendo a ipzizur@educacion.navarra.es<\/p>\n\n\n\n<p><strong>PROCEDIMIENTO<\/strong><\/p>\n\n\n\n<p>Para el desarrollo de los grupos interactivos se tiene en cuenta lo siguiente:<\/p>\n\n\n\n<ul><li>N\u00famero del alumnado por aula.<\/li><li>Tiempo disponible para la realizaci\u00f3n de las actividades.<\/li><li>Grupos heterog\u00e9neos.<\/li><li>La duraci\u00f3n de cada actividad es de 15 a 20 minutos y se realiza en dos sesiones.&nbsp;<\/li><\/ul>\n\n\n\n<p>El n\u00famero de actividades depender\u00e1 del n\u00famero de grupos del alumnado, es decir, si hay 5 grupos habr\u00e1 que realizar 5 actividades para poder alternar todos los grupos y realizar todas las actividades.<\/p>\n\n\n\n<figure class=\"wp-block-image\"><img src=\"https:\/\/lh6.googleusercontent.com\/2-60L9dryDZCRRz1DtcdXBCl5bPIS9nL_SB4mJzdrtFqnIYsWkofd_tp1P0OOL6YADquCzXm3J-yom5HHHGeYNUwMTKZ8M64qrpyMyBH4dKKgAbx9-GnRWsJYDdt14ksYyi8IwM8zvY2ZOhWJDvCIc8\" alt=\"\"\/><\/figure>\n\n\n\n<p><strong>BENEFICIOS<\/strong><\/p>\n\n\n\n<ul><li>Se fomenta la interacci\u00f3n y el di\u00e1logo.<\/li><li>A trav\u00e9s de ellas se mejora el rendimiento acad\u00e9mico.<\/li><li>Se aportan mejoras en el aprendizaje instrumental.<\/li><li>Favorece la integraci\u00f3n social del alumnado.<\/li><li>Desarrolla valores como la solidaridad, el respeto, la generosidad&#8230;<\/li><li>Traemos a clase a m\u00faltiples referentes de la comunidad.<\/li><li>Se producen evidentes beneficios en la expresi\u00f3n oral como consecuencia del fomento del di\u00e1logo.<\/li><\/ul>\n\n\n\n<p><a href=\"https:\/\/drive.google.com\/file\/d\/1OXYPjTY42ZJT5UPW4PDvAxZQiAgq26VE\/view?usp=share_link\">Bibliograf\u00eda<\/a><\/p>\n","protected":false},"excerpt":{"rendered":"<p>\u00bfQU\u00c9 SON? Los grupos interactivos son una forma de organizar el aula de manera inclusiva. Estas pr\u00e1cticas favorecen el di\u00e1logo e interacci\u00f3n entre el alumnado y en ellas participa el voluntariado de la comunidad educativa dentro del aula. A trav\u00e9s de este agrupamiento, el alumnado se ayuda mutuamente y aprende de forma conjunta, mientras que [&hellip;]<\/p>\n","protected":false},"author":1,"featured_media":0,"parent":0,"menu_order":0,"comment_status":"closed","ping_status":"closed","template":"","meta":{"_genesis_hide_title":false,"_genesis_hide_breadcrumbs":false,"_genesis_hide_singular_image":false,"_genesis_hide_footer_widgets":false,"_genesis_custom_body_class":"","_genesis_custom_post_class":"","_genesis_layout":""},"_links":{"self":[{"href":"https:\/\/erreniegaip.educacion.navarra.es\/web\/es\/wp-json\/wp\/v2\/pages\/5409"}],"collection":[{"href":"https:\/\/erreniegaip.educacion.navarra.es\/web\/es\/wp-json\/wp\/v2\/pages"}],"about":[{"href":"https:\/\/erreniegaip.educacion.navarra.es\/web\/es\/wp-json\/wp\/v2\/types\/page"}],"author":[{"embeddable":true,"href":"https:\/\/erreniegaip.educacion.navarra.es\/web\/es\/wp-json\/wp\/v2\/users\/1"}],"replies":[{"embeddable":true,"href":"https:\/\/erreniegaip.educacion.navarra.es\/web\/es\/wp-json\/wp\/v2\/comments?post=5409"}],"version-history":[{"count":4,"href":"https:\/\/erreniegaip.educacion.navarra.es\/web\/es\/wp-json\/wp\/v2\/pages\/5409\/revisions"}],"predecessor-version":[{"id":5759,"href":"https:\/\/erreniegaip.educacion.navarra.es\/web\/es\/wp-json\/wp\/v2\/pages\/5409\/revisions\/5759"}],"wp:attachment":[{"href":"https:\/\/erreniegaip.educacion.navarra.es\/web\/es\/wp-json\/wp\/v2\/media?parent=5409"}],"curies":[{"name":"wp","href":"https:\/\/api.w.org\/{rel}","templated":true}]}}