{"id":4661,"date":"2021-05-06T10:53:35","date_gmt":"2021-05-06T08:53:35","guid":{"rendered":"http:\/\/erreniegaip.educacion.navarra.es\/web\/por-que-el-modelo-d\/"},"modified":"2023-03-06T11:23:09","modified_gmt":"2023-03-06T10:23:09","slug":"por-que-el-modelo-d","status":"publish","type":"page","link":"https:\/\/erreniegaip.educacion.navarra.es\/web\/es\/por-que-el-modelo-d\/","title":{"rendered":"\u00bfPor qu\u00e9 el modelo D?"},"content":{"rendered":"\n<figure class=\"wp-block-embed is-type-video is-provider-youtube wp-block-embed-youtube wp-embed-aspect-16-9 wp-has-aspect-ratio\"><div class=\"wp-block-embed__wrapper\">\n<iframe loading=\"lazy\" title=\"Zein da zure esperientzia D ereduan?\" width=\"500\" height=\"281\" src=\"https:\/\/www.youtube.com\/embed\/gfpaOmZpdnQ?feature=oembed\" frameborder=\"0\" allow=\"accelerometer; autoplay; clipboard-write; encrypted-media; gyroscope; picture-in-picture; web-share\" allowfullscreen><\/iframe>\n<\/div><\/figure>\n\n\n\n<figure class=\"wp-block-embed is-type-video is-provider-youtube wp-block-embed-youtube wp-embed-aspect-16-9 wp-has-aspect-ratio\"><div class=\"wp-block-embed__wrapper\">\n<iframe loading=\"lazy\" title=\"Zergatik aukeratu zenuen D eredu publikoa?\" width=\"500\" height=\"281\" src=\"https:\/\/www.youtube.com\/embed\/9rl-lT5ulIc?feature=oembed\" frameborder=\"0\" allow=\"accelerometer; autoplay; clipboard-write; encrypted-media; gyroscope; picture-in-picture; web-share\" allowfullscreen><\/iframe>\n<\/div><\/figure>\n\n\n\n<figure class=\"wp-block-embed is-type-video is-provider-youtube wp-block-embed-youtube wp-embed-aspect-16-9 wp-has-aspect-ratio\"><div class=\"wp-block-embed__wrapper\">\n<iframe loading=\"lazy\" title=\"Zer esango zenioke matrikula egin behar duen familia bati?\" width=\"500\" height=\"281\" src=\"https:\/\/www.youtube.com\/embed\/EOSELu2s1rA?feature=oembed\" frameborder=\"0\" allow=\"accelerometer; autoplay; clipboard-write; encrypted-media; gyroscope; picture-in-picture; web-share\" allowfullscreen><\/iframe>\n<\/div><\/figure>\n\n\n\n<figure class=\"wp-block-embed is-type-video is-provider-youtube wp-block-embed-youtube wp-embed-aspect-16-9 wp-has-aspect-ratio\"><div class=\"wp-block-embed__wrapper\">\n<iframe loading=\"lazy\" title=\"Zer da zuretzat D eredua?\" width=\"500\" height=\"281\" src=\"https:\/\/www.youtube.com\/embed\/d-tMn2fWRYY?feature=oembed\" frameborder=\"0\" allow=\"accelerometer; autoplay; clipboard-write; encrypted-media; gyroscope; picture-in-picture; web-share\" allowfullscreen><\/iframe>\n<\/div><\/figure>\n\n\n\n<div class=\"wp-block-columns are-vertically-aligned-center\">\n<div class=\"wp-block-column is-vertically-aligned-center\" style=\"flex-basis:100%\">\n<div class=\"wp-block-columns\">\n<div class=\"wp-block-column\" style=\"flex-basis:100%\">\n<div class=\"wp-container-1 wp-block-group\"><div class=\"wp-block-group__inner-container\">\n<div class=\"wp-block-columns\">\n<div class=\"wp-block-column\">\n<figure class=\"wp-block-embed is-type-video is-provider-youtube wp-block-embed-youtube wp-embed-aspect-16-9 wp-has-aspect-ratio\"><div class=\"wp-block-embed__wrapper\">\n<iframe loading=\"lazy\" title=\"Sveta &amp; Monica: Euskarak, mila kolore! | \u041c\u043e\u0434\u0435\u043b\u044c \u0414\" width=\"500\" height=\"281\" src=\"https:\/\/www.youtube.com\/embed\/amyVuOkxNTE?list=PL5WpaiUCDB4rPAFwx_kI9Xwf24d96Itx0\" frameborder=\"0\" allow=\"accelerometer; autoplay; clipboard-write; encrypted-media; gyroscope; picture-in-picture; web-share\" allowfullscreen><\/iframe>\n<\/div><\/figure>\n<\/div>\n\n\n\n<div class=\"wp-block-column\">\n<figure class=\"wp-block-embed is-type-video is-provider-youtube wp-block-embed-youtube wp-embed-aspect-16-9 wp-has-aspect-ratio\"><div class=\"wp-block-embed__wrapper\">\n<iframe loading=\"lazy\" title=\"Jenny &amp; Nick: Euskarak, mila kolore! | Model D\" width=\"500\" height=\"281\" src=\"https:\/\/www.youtube.com\/embed\/HDMRLhox_6A?list=PL5WpaiUCDB4rPAFwx_kI9Xwf24d96Itx0\" frameborder=\"0\" allow=\"accelerometer; autoplay; clipboard-write; encrypted-media; gyroscope; picture-in-picture; web-share\" allowfullscreen><\/iframe>\n<\/div><\/figure>\n<\/div>\n\n\n\n<div class=\"wp-block-column\">\n<figure class=\"wp-block-embed is-type-video is-provider-youtube wp-block-embed-youtube wp-embed-aspect-16-9 wp-has-aspect-ratio\"><div class=\"wp-block-embed__wrapper\">\n<iframe loading=\"lazy\" title=\"Ismael &amp; Hassan: Euskarak, mila kolore! | \u0646\u0645\u0648\u0630\u062c \u062f \u0641\u064a \u0645\u062f\u0627\u0631\u0633 \u0623\u0648\u0634\u0643\u064a\u0631\u0627\" width=\"500\" height=\"281\" src=\"https:\/\/www.youtube.com\/embed\/M0tr4KKCSTM?list=PL5WpaiUCDB4rPAFwx_kI9Xwf24d96Itx0\" frameborder=\"0\" allow=\"accelerometer; autoplay; clipboard-write; encrypted-media; gyroscope; picture-in-picture; web-share\" allowfullscreen><\/iframe>\n<\/div><\/figure>\n<\/div>\n<\/div>\n\n\n\n<figure class=\"wp-block-embed is-type-video is-provider-youtube wp-block-embed-youtube wp-embed-aspect-16-9 wp-has-aspect-ratio\"><div class=\"wp-block-embed__wrapper\">\n<iframe loading=\"lazy\" title=\"Modelo D: inmersi\u00f3n ling\u00fc\u00edstica en euskera\" width=\"500\" height=\"281\" src=\"https:\/\/www.youtube.com\/embed\/bxIDoeii2hw?start=707&#038;feature=oembed\" frameborder=\"0\" allow=\"accelerometer; autoplay; clipboard-write; encrypted-media; gyroscope; picture-in-picture; web-share\" allowfullscreen><\/iframe>\n<\/div><\/figure>\n<\/div><\/div>\n<\/div>\n<\/div>\n<\/div>\n<\/div>\n\n\n\n<figure class=\"wp-block-embed aligncenter is-type-video is-provider-youtube wp-block-embed-youtube wp-embed-aspect-16-9 wp-has-aspect-ratio\"><div class=\"wp-block-embed__wrapper\">\n<iframe loading=\"lazy\" title=\"NIZE Aurrematrikulazio kanpaina 2023-2024\" width=\"500\" height=\"281\" src=\"https:\/\/www.youtube.com\/embed\/aeRy-63lT-c?feature=oembed\" frameborder=\"0\" allow=\"accelerometer; autoplay; clipboard-write; encrypted-media; gyroscope; picture-in-picture; web-share\" allowfullscreen><\/iframe>\n<\/div><\/figure>\n\n\n\n<figure class=\"wp-block-embed is-type-wp-embed is-provider-era wp-block-embed-era\"><div class=\"wp-block-embed__wrapper\">\n<blockquote class=\"wp-embedded-content\" data-secret=\"7Qb4uweGn8\"><a href=\"https:\/\/eranafarroa.eus\/es\/modelo-d-preguntas-mas-frecuentes-de-padres-y-madres-en-varios-idiomas\/\">Modelo D: Preguntas m\u00e1s frecuentes de padres y madres en varios idiomas<\/a><\/blockquote><iframe class=\"wp-embedded-content\" sandbox=\"allow-scripts\" security=\"restricted\" style=\"position: absolute; clip: rect(1px, 1px, 1px, 1px);\" title=\"\u00abModelo D: Preguntas m\u00e1s frecuentes de padres y madres en varios idiomas\u00bb \u2014 ERA\" src=\"https:\/\/eranafarroa.eus\/es\/modelo-d-preguntas-mas-frecuentes-de-padres-y-madres-en-varios-idiomas\/embed\/#?secret=pRDu7lFsxH#?secret=7Qb4uweGn8\" data-secret=\"7Qb4uweGn8\" width=\"500\" height=\"282\" frameborder=\"0\" marginwidth=\"0\" marginheight=\"0\" scrolling=\"no\"><\/iframe>\n<\/div><\/figure>\n","protected":false},"excerpt":{"rendered":"","protected":false},"author":1,"featured_media":0,"parent":0,"menu_order":0,"comment_status":"closed","ping_status":"closed","template":"","meta":{"_genesis_hide_title":false,"_genesis_hide_breadcrumbs":false,"_genesis_hide_singular_image":false,"_genesis_hide_footer_widgets":false,"_genesis_custom_body_class":"","_genesis_custom_post_class":"","_genesis_layout":""},"_links":{"self":[{"href":"https:\/\/erreniegaip.educacion.navarra.es\/web\/es\/wp-json\/wp\/v2\/pages\/4661"}],"collection":[{"href":"https:\/\/erreniegaip.educacion.navarra.es\/web\/es\/wp-json\/wp\/v2\/pages"}],"about":[{"href":"https:\/\/erreniegaip.educacion.navarra.es\/web\/es\/wp-json\/wp\/v2\/types\/page"}],"author":[{"embeddable":true,"href":"https:\/\/erreniegaip.educacion.navarra.es\/web\/es\/wp-json\/wp\/v2\/users\/1"}],"replies":[{"embeddable":true,"href":"https:\/\/erreniegaip.educacion.navarra.es\/web\/es\/wp-json\/wp\/v2\/comments?post=4661"}],"version-history":[{"count":8,"href":"https:\/\/erreniegaip.educacion.navarra.es\/web\/es\/wp-json\/wp\/v2\/pages\/4661\/revisions"}],"predecessor-version":[{"id":5740,"href":"https:\/\/erreniegaip.educacion.navarra.es\/web\/es\/wp-json\/wp\/v2\/pages\/4661\/revisions\/5740"}],"wp:attachment":[{"href":"https:\/\/erreniegaip.educacion.navarra.es\/web\/es\/wp-json\/wp\/v2\/media?parent=4661"}],"curies":[{"name":"wp","href":"https:\/\/api.w.org\/{rel}","templated":true}]}}