{"id":4094,"date":"2019-10-18T16:39:31","date_gmt":"2019-10-18T14:39:31","guid":{"rendered":"http:\/\/erreniegaip.educacion.navarra.es\/web\/buzon-de-convivencia\/"},"modified":"2019-10-18T16:40:49","modified_gmt":"2019-10-18T14:40:49","slug":"buzon-de-convivencia","status":"publish","type":"page","link":"https:\/\/erreniegaip.educacion.navarra.es\/web\/es\/buzon-de-convivencia\/","title":{"rendered":"Buz\u00f3n de Convivencia"},"content":{"rendered":"\n<p>Hemos colocado en la escuela (junto al despacho de la orientadora) un \u201cBuz\u00f3n para la Convivencia\u201d al servicio del alumnado.<\/p>\n\n\n\n<p><strong>\u00bfCon qu\u00e9 objetivo?<\/strong><\/p>\n\n\n\n<p>Por el motivo que sea, para que el\/la alumno\/a que pueda estar pasando un mal momento con alg\u00fan\/a de sus compa\u00f1eros\/as y pueda sentirse regularmente molestad@, hostigad@ y, en cierta manera, con sentido de indefensi\u00f3n lo pueda comunicar discreta pero autom\u00e1ticamente al Servicio de Convivencia.<\/p>\n\n\n\n<p>En ocasiones existen hostigamientos fuera del alcance de los adultos y los ni\u00f1os y las ni\u00f1as no encuentran el momento para trasmit\u00edrnoslo, o se sienten cohibidos\/as para hacerlo delante de sus compa\u00f1eros\/as. Con este \u201cBuz\u00f3n para la Convivencia\u201d, la idea es facilitar esa comunicaci\u00f3n y que podamos intervenir con prontitud.<\/p>\n\n\n\n<p>El\/la ni\u00f1o\/a (sin olvidar de identificarse) podr\u00eda escribir la nota en casa e indicar con qu\u00e9 adulto necesita estar (tutor\/a, orientadora, coordinadora del comedor\u2026\u2026) y nosotras, lo mas brevemente posible, nos pondr\u00edamos en contacto con \u00e9l o ella. <\/p>\n\n\n\n<p>Esperamos que sea un servicio eficaz y que invit\u00e9is a vuestros hijos e hijas a hacer un uso responsable del mismo.<\/p>\n\n\n\n<div class=\"wp-block-image\"><figure class=\"aligncenter\"><img loading=\"lazy\" width=\"1024\" height=\"901\" src=\"http:\/\/erreniegaip.educacion.navarra.es\/web\/wp-content\/uploads\/2019\/04\/postonzia-1024x901.jpg\" alt=\"\" class=\"wp-image-3941\" srcset=\"https:\/\/erreniegaip.educacion.navarra.es\/web\/wp-content\/uploads\/2019\/04\/postonzia-1024x901.jpg 1024w, https:\/\/erreniegaip.educacion.navarra.es\/web\/wp-content\/uploads\/2019\/04\/postonzia-300x264.jpg 300w, https:\/\/erreniegaip.educacion.navarra.es\/web\/wp-content\/uploads\/2019\/04\/postonzia-768x676.jpg 768w\" sizes=\"(max-width: 1024px) 100vw, 1024px\" \/><\/figure><\/div>\n","protected":false},"excerpt":{"rendered":"<p>Hemos colocado en la escuela (junto al despacho de la orientadora) un \u201cBuz\u00f3n para la Convivencia\u201d al servicio del alumnado. \u00bfCon qu\u00e9 objetivo? Por el motivo que sea, para que el\/la alumno\/a que pueda estar pasando un mal momento con alg\u00fan\/a de sus compa\u00f1eros\/as y pueda sentirse regularmente molestad@, hostigad@ y, en cierta manera, con [&hellip;]<\/p>\n","protected":false},"author":1,"featured_media":0,"parent":0,"menu_order":0,"comment_status":"closed","ping_status":"closed","template":"","meta":{"_genesis_hide_title":false,"_genesis_hide_breadcrumbs":false,"_genesis_hide_singular_image":false,"_genesis_hide_footer_widgets":false,"_genesis_custom_body_class":"","_genesis_custom_post_class":"","_genesis_layout":""},"_links":{"self":[{"href":"https:\/\/erreniegaip.educacion.navarra.es\/web\/es\/wp-json\/wp\/v2\/pages\/4094"}],"collection":[{"href":"https:\/\/erreniegaip.educacion.navarra.es\/web\/es\/wp-json\/wp\/v2\/pages"}],"about":[{"href":"https:\/\/erreniegaip.educacion.navarra.es\/web\/es\/wp-json\/wp\/v2\/types\/page"}],"author":[{"embeddable":true,"href":"https:\/\/erreniegaip.educacion.navarra.es\/web\/es\/wp-json\/wp\/v2\/users\/1"}],"replies":[{"embeddable":true,"href":"https:\/\/erreniegaip.educacion.navarra.es\/web\/es\/wp-json\/wp\/v2\/comments?post=4094"}],"version-history":[{"count":2,"href":"https:\/\/erreniegaip.educacion.navarra.es\/web\/es\/wp-json\/wp\/v2\/pages\/4094\/revisions"}],"predecessor-version":[{"id":4097,"href":"https:\/\/erreniegaip.educacion.navarra.es\/web\/es\/wp-json\/wp\/v2\/pages\/4094\/revisions\/4097"}],"wp:attachment":[{"href":"https:\/\/erreniegaip.educacion.navarra.es\/web\/es\/wp-json\/wp\/v2\/media?parent=4094"}],"curies":[{"name":"wp","href":"https:\/\/api.w.org\/{rel}","templated":true}]}}