{"id":280,"date":"2014-05-10T18:11:30","date_gmt":"2014-05-10T16:11:30","guid":{"rendered":"http:\/\/erreniegaip.educacion.navarra.es\/web\/?page_id=280"},"modified":"2023-03-21T10:21:05","modified_gmt":"2023-03-21T09:21:05","slug":"euskaraz-mintza-2","status":"publish","type":"page","link":"https:\/\/erreniegaip.educacion.navarra.es\/web\/es\/euskaraz-mintza-2\/","title":{"rendered":"Mejorando el Euskera"},"content":{"rendered":"<p style=\"text-align: center;\"><img loading=\"lazy\" class=\"aligncenter wp-image-3454 size-full\" src=\"https:\/\/erreniegaip.educacion.navarra.es\/web\/wp-content\/uploads\/2019\/02\/erreniega-destacados-secciones-990x400-euskarazmintza.jpg\" alt=\"\" width=\"990\" height=\"400\" srcset=\"https:\/\/erreniegaip.educacion.navarra.es\/web\/wp-content\/uploads\/2019\/02\/erreniega-destacados-secciones-990x400-euskarazmintza.jpg 990w, https:\/\/erreniegaip.educacion.navarra.es\/web\/wp-content\/uploads\/2019\/02\/erreniega-destacados-secciones-990x400-euskarazmintza-300x121.jpg 300w, https:\/\/erreniegaip.educacion.navarra.es\/web\/wp-content\/uploads\/2019\/02\/erreniega-destacados-secciones-990x400-euskarazmintza-768x310.jpg 768w\" sizes=\"(max-width: 990px) 100vw, 990px\" \/><\/p>\n<p><span style=\"color: #00b7e3;\">\u00abXamarikoren jolasak\u00bb<\/span><\/p>\n<p style=\"text-align: justify;\">Como todos los a\u00f1os ponemos en marcha el programa para impulsar el Euskera, en el que a lo largo de todo el curso el monitor organiza juegos y talleres en las horas de patio. Estos juegos favorecen la utilizaci\u00f3n del euskera en registros no formales. El objetivos es trabajar y reforzar el Euskera de una manera divertida y promovida por juegos.<\/p>\n<h3><span style=\"font-size: 16px;\">Objetivos espec\u00edficos:<\/span><\/h3>\n<p style=\"padding-left: 40px;\">1 &#8211; Facilitar a l@s ni\u00f1@s herramientas para comunicarse.<br \/>2 &#8211; Conseguir un ambiente tranquilo para lograr una comunicaci\u00f3n fluida.<br \/>3 &#8211; Trabajar los errores ling\u00fc\u00edsticos m\u00e1s frecuentes.<br \/>4 &#8211; Influir de una manera positiva en la comprensi\u00f3n del idioma.<\/p>\n<p><span style=\"color: #00b7e3;\">Bertsolaritza<\/span><\/p>\n<p>Nuestros alumnos de 5\u00ba de Primaria comienzan a sumergirse en la <em>bertsolaritza<\/em> a finales de curso para continuar con ello en 6\u00ba, durante una vez a la semana la cual est\u00e1 incluida en el \u00e1rea de lenguaje. De la mano del profesor de <em>bertsolaritza<\/em>, tienen la oportunidad de conocer este legado cultural: <em>bertsolaris<\/em> en la historia, versos conocidos, rimas, melod\u00edas&#8230;<\/p>\n<p><span style=\"color: #00b7e3;\">Presentaciones orales<\/span><\/p>\n\n\n<p>Con el objetivo de fomentar el uso y la expresi\u00f3n oral en euskara, llevamos a cabo las presentaciones orales. El alumnado desarrolla estrategias para fomentar la capacidad de comunicaci\u00f3n tanto a trav\u00e9s de la exposici\u00f3n oral como de la expresi\u00f3n corporal.<\/p>\n\n\n\n<p>Para llevar a cabo la pr\u00e1ctica, el alumnado elige el tema que le gusta con anterioridad y realiza un trabajo individual. A continuaci\u00f3n, lo presenta al resto del alumnado con la ayuda de m\u00faltiples soportes.<\/p>\n\n\n\n<p>As\u00ed se trabaja la autoestima, el autoconocimiento, la confianza y el h\u00e1bito de hablar en p\u00fablico. En consecuencia, el alumnado se convierte en motor de su propio proceso de aprendizaje. Al final de la presentaci\u00f3n, damos cabida a la autoevaluaci\u00f3n y a la coevaluaci\u00f3n.<\/p>\n\n\n\n<p>Recursos<\/p>\n\n\n\n<p><a rel=\"noreferrer noopener\" href=\"https:\/\/mattinetakattalin.eus\/\" target=\"_blank\">Mattin eta Kattalin<\/a>: el objetivo de este proyecto es difundir la tradici\u00f3n oral en euskera de Navarra, en concreto el folclore infantil, a trav\u00e9s de audiovisuales l\u00fadicos.<\/p>\n\n\n\n<p><a rel=\"noreferrer noopener\" href=\"https:\/\/www.euskarabidea.es\/euskara\/albisteak\/euskarabideak-euskara-aleka-podcasta-sortu-du\" target=\"_blank\">Euskara aleka<\/a>: Euskarabidea ha producido dos podcast sobre el euskera en Navarra, uno en euskera, <em>Euskara aleka<\/em>, y otro en castellano <em>Ecos del euskera<\/em>. Cada podcast consta de 26 secciones. Cada cap\u00edtulo tiene una duraci\u00f3n de 4-6 minutos y permite conocer la historia del euskera en Navarra y diversas curiosidades. Estos temas son los primeros podcasts del Gobierno de Navarra.<\/p>\n","protected":false},"excerpt":{"rendered":"<p>\u00abXamarikoren jolasak\u00bb Como todos los a\u00f1os ponemos en marcha el programa para impulsar el Euskera, en el que a lo largo de todo el curso el monitor organiza juegos y talleres en las horas de patio. Estos juegos favorecen la utilizaci\u00f3n del euskera en registros no formales. El objetivos es trabajar y reforzar el Euskera [&hellip;]<\/p>\n","protected":false},"author":1,"featured_media":0,"parent":0,"menu_order":0,"comment_status":"open","ping_status":"open","template":"","meta":{"_genesis_hide_title":false,"_genesis_hide_breadcrumbs":false,"_genesis_hide_singular_image":false,"_genesis_hide_footer_widgets":false,"_genesis_custom_body_class":"","_genesis_custom_post_class":"","_genesis_layout":"full-width-content"},"_links":{"self":[{"href":"https:\/\/erreniegaip.educacion.navarra.es\/web\/es\/wp-json\/wp\/v2\/pages\/280"}],"collection":[{"href":"https:\/\/erreniegaip.educacion.navarra.es\/web\/es\/wp-json\/wp\/v2\/pages"}],"about":[{"href":"https:\/\/erreniegaip.educacion.navarra.es\/web\/es\/wp-json\/wp\/v2\/types\/page"}],"author":[{"embeddable":true,"href":"https:\/\/erreniegaip.educacion.navarra.es\/web\/es\/wp-json\/wp\/v2\/users\/1"}],"replies":[{"embeddable":true,"href":"https:\/\/erreniegaip.educacion.navarra.es\/web\/es\/wp-json\/wp\/v2\/comments?post=280"}],"version-history":[{"count":18,"href":"https:\/\/erreniegaip.educacion.navarra.es\/web\/es\/wp-json\/wp\/v2\/pages\/280\/revisions"}],"predecessor-version":[{"id":5765,"href":"https:\/\/erreniegaip.educacion.navarra.es\/web\/es\/wp-json\/wp\/v2\/pages\/280\/revisions\/5765"}],"wp:attachment":[{"href":"https:\/\/erreniegaip.educacion.navarra.es\/web\/es\/wp-json\/wp\/v2\/media?parent=280"}],"curies":[{"name":"wp","href":"https:\/\/api.w.org\/{rel}","templated":true}]}}