{"id":1693,"date":"2015-06-30T11:24:11","date_gmt":"2015-06-30T09:24:11","guid":{"rendered":"http:\/\/erreniegaip.educacion.navarra.es\/web\/es\/?page_id=1693"},"modified":"2022-03-24T10:20:10","modified_gmt":"2022-03-24T09:20:10","slug":"tic","status":"publish","type":"page","link":"https:\/\/erreniegaip.educacion.navarra.es\/web\/es\/tic\/","title":{"rendered":"TIC"},"content":{"rendered":"<p><img loading=\"lazy\" class=\"aligncenter size-full wp-image-5084\" src=\"https:\/\/erreniegaip.educacion.navarra.es\/web\/wp-content\/uploads\/2022\/03\/ikt-moztuta-1.png\" alt=\"\" width=\"1526\" height=\"516\" srcset=\"https:\/\/erreniegaip.educacion.navarra.es\/web\/wp-content\/uploads\/2022\/03\/ikt-moztuta-1.png 1526w, https:\/\/erreniegaip.educacion.navarra.es\/web\/wp-content\/uploads\/2022\/03\/ikt-moztuta-1-300x100.png 300w, https:\/\/erreniegaip.educacion.navarra.es\/web\/wp-content\/uploads\/2022\/03\/ikt-moztuta-1-1024x346.png 1024w, https:\/\/erreniegaip.educacion.navarra.es\/web\/wp-content\/uploads\/2022\/03\/ikt-moztuta-1-768x260.png 768w\" sizes=\"(max-width: 1526px) 100vw, 1526px\" \/><\/p>\n<p>La sociedad actual est\u00e1 dominada por las nuevas tecnolog\u00edas, lo que hace que se vayan haciendo imprescindibles en la escuela.<\/p>\n<p>Adem\u00e1s del uso de las Tecnolog\u00edas de la Informaci\u00f3n y Comunicaci\u00f3n (TICs)\u00a0 como recursos tecnol\u00f3gicos\u00a0 nuestros alumnos y alumnas adquieren conocimientos para que puedan entender y expresarse a trav\u00e9s de ellas y, sobre todo, usarlas cr\u00edticamente.<\/p>\n<p><span style=\"color: #00b7e3;\">Equipamiento<\/span><\/p>\n<p>Todas las aulas de Educaci\u00f3n Primaria est\u00e1n dotadas de pizarras digitales interactivas. El profesorado ha recibido formaci\u00f3n en el uso t\u00e9cnico y did\u00e1ctico de estas pizarras.<\/p>\n<p>En todas las clases hay un ordenador con conexi\u00f3n a Internet y disponemos de\u00a020 ordenadores destinados al uso de los alumno\/as en el aula de inform\u00e1tica.<\/p>\n<p>A parte de eso, el Departamento de Educaci\u00f3n ha dotado a todo el alumnado a partir de 4\u00ba de primaria con un <strong>chromebook<\/strong> y una cantidad para uso general por el resto de alumnado. El profesorado tambi\u00e9n cuenta con chromebooks para uso profesional.<\/p>\n","protected":false},"excerpt":{"rendered":"<p>La sociedad actual est\u00e1 dominada por las nuevas tecnolog\u00edas, lo que hace que se vayan haciendo imprescindibles en la escuela. Adem\u00e1s del uso de las Tecnolog\u00edas de la Informaci\u00f3n y Comunicaci\u00f3n (TICs)\u00a0 como recursos tecnol\u00f3gicos\u00a0 nuestros alumnos y alumnas adquieren conocimientos para que puedan entender y expresarse a trav\u00e9s de ellas y, sobre todo, usarlas [&hellip;]<\/p>\n","protected":false},"author":1,"featured_media":0,"parent":0,"menu_order":0,"comment_status":"open","ping_status":"open","template":"","meta":{"_genesis_hide_title":false,"_genesis_hide_breadcrumbs":false,"_genesis_hide_singular_image":false,"_genesis_hide_footer_widgets":false,"_genesis_custom_body_class":"","_genesis_custom_post_class":"","_genesis_layout":"full-width-content"},"_links":{"self":[{"href":"https:\/\/erreniegaip.educacion.navarra.es\/web\/es\/wp-json\/wp\/v2\/pages\/1693"}],"collection":[{"href":"https:\/\/erreniegaip.educacion.navarra.es\/web\/es\/wp-json\/wp\/v2\/pages"}],"about":[{"href":"https:\/\/erreniegaip.educacion.navarra.es\/web\/es\/wp-json\/wp\/v2\/types\/page"}],"author":[{"embeddable":true,"href":"https:\/\/erreniegaip.educacion.navarra.es\/web\/es\/wp-json\/wp\/v2\/users\/1"}],"replies":[{"embeddable":true,"href":"https:\/\/erreniegaip.educacion.navarra.es\/web\/es\/wp-json\/wp\/v2\/comments?post=1693"}],"version-history":[{"count":13,"href":"https:\/\/erreniegaip.educacion.navarra.es\/web\/es\/wp-json\/wp\/v2\/pages\/1693\/revisions"}],"predecessor-version":[{"id":5091,"href":"https:\/\/erreniegaip.educacion.navarra.es\/web\/es\/wp-json\/wp\/v2\/pages\/1693\/revisions\/5091"}],"wp:attachment":[{"href":"https:\/\/erreniegaip.educacion.navarra.es\/web\/es\/wp-json\/wp\/v2\/media?parent=1693"}],"curies":[{"name":"wp","href":"https:\/\/api.w.org\/{rel}","templated":true}]}}