{"id":1321,"date":"2015-05-05T12:18:46","date_gmt":"2015-05-05T10:18:46","guid":{"rendered":"http:\/\/erreniegaip.educacion.navarra.es\/web\/?page_id=1321"},"modified":"2019-04-16T15:01:36","modified_gmt":"2019-04-16T13:01:36","slug":"historia","status":"publish","type":"page","link":"https:\/\/erreniegaip.educacion.navarra.es\/web\/es\/historia\/","title":{"rendered":"Historia"},"content":{"rendered":"<p><img loading=\"lazy\" class=\"alignleft size-full wp-image-1326\" src=\"http:\/\/erreniegaip.educacion.navarra.es\/web\/wp-content\/uploads\/2015\/05\/erreniega-historia-1984.jpg\" alt=\"erreniega-historia-1984\" width=\"985\" height=\"175\" srcset=\"https:\/\/erreniegaip.educacion.navarra.es\/web\/wp-content\/uploads\/2015\/05\/erreniega-historia-1984.jpg 985w, https:\/\/erreniegaip.educacion.navarra.es\/web\/wp-content\/uploads\/2015\/05\/erreniega-historia-1984-300x53.jpg 300w\" sizes=\"(max-width: 985px) 100vw, 985px\" \/><\/p>\n<h5><span style=\"color: #00b7e3;\">1984-1985 <\/span><\/h5>\n<p>Promovida por el tes\u00f3n de un grupo de padres, se cre\u00f3, dependiente del ayuntamiento de Zizur, un aula de ense\u00f1anza en euskera con nueve ni\u00f1os de 3 a\u00f1os que se mantuvo durante tres a\u00f1os.<\/p>\n<h5><span style=\"color: #00b7e3;\">1987-1988<\/span><\/h5>\n<p>1987-1988 Con la promulgaci\u00f3n de la ley del euskara, se permiti\u00f3 la escolarizaci\u00f3n en euskara y se le dio oficialidad. En aquel tiempo la poblaci\u00f3n en Zizur iba creciendo. Las familias eleg\u00edan la educaci\u00f3n p\u00fablica. En el colegio comarcal de Zizur se ofertaban tres modelos: A, D, G. Como en otros pueblos de Navarra, la ense\u00f1anza en euskara (modelo D) tuvo gran aceptaci\u00f3n. Por una parte, porque era el modelo que garantizaba el aprendizaje de la lengua; por otro, por la motivaci\u00f3n de los padres y el compromiso del profesorado.<\/p>\n<p><img loading=\"lazy\" class=\"alignleft size-full wp-image-1332\" src=\"http:\/\/erreniegaip.educacion.navarra.es\/web\/wp-content\/uploads\/2015\/05\/erreniega-historia-1988.jpg\" alt=\"erreniega-historia-1988\" width=\"990\" height=\"250\" srcset=\"https:\/\/erreniegaip.educacion.navarra.es\/web\/wp-content\/uploads\/2015\/05\/erreniega-historia-1988.jpg 990w, https:\/\/erreniegaip.educacion.navarra.es\/web\/wp-content\/uploads\/2015\/05\/erreniega-historia-1988-300x76.jpg 300w\" sizes=\"(max-width: 990px) 100vw, 990px\" \/><\/p>\n<h5><span style=\"color: #00ccff;\">1999-2000<\/span><\/h5>\n<p>1999-2000 El colegio comarcal p\u00fablico de Zizur creci\u00f3 mucho y deprisa. En busca de una soluci\u00f3n, el Gobierno de Navarra opt\u00f3 por la segregaci\u00f3n de modelos.<\/p>\n<h5><span style=\"color: #00ccff;\">2000-2001<\/span><\/h5>\n<p>Al nuevo colegio, lo llamamos ERRENIEGA IP. Nuestro alumnado segui\u00f3 creciendo y la se implant\u00f3 la tercera l\u00ednea. Durante este curso se realizaron las obras de ampliaci\u00f3n y se consolidaron los pilares del nuevo Proyecto Educativo.<\/p>\n<p><a href=\"http:\/\/erreniegaip.educacion.navarra.es\/web\/wp-content\/uploads\/2015\/05\/erreniega-historia-2001.png\"><img loading=\"lazy\" class=\"alignleft size-full wp-image-1328\" src=\"http:\/\/erreniegaip.educacion.navarra.es\/web\/wp-content\/uploads\/2015\/05\/erreniega-historia-2001.png\" alt=\"erreniega-historia-2001\" width=\"400\" height=\"228\" srcset=\"https:\/\/erreniegaip.educacion.navarra.es\/web\/wp-content\/uploads\/2015\/05\/erreniega-historia-2001.png 400w, https:\/\/erreniegaip.educacion.navarra.es\/web\/wp-content\/uploads\/2015\/05\/erreniega-historia-2001-300x171.png 300w\" sizes=\"(max-width: 400px) 100vw, 400px\" \/><\/a><\/p>\n<h5><span style=\"color: #00ccff;\">2004-2005<\/span><\/h5>\n<p>Erreniega desarroll\u00f3 su Proyecto Educativo teniendo como base el euskera y la cultura vasca. Para subrayar nuestras se\u00f1as de identidad, creamos el logotipo y la p\u00e1gina web del centro. Adem\u00e1s, ingresamos en la Red N4E del Departamento de Educaci\u00f3n para implementar el modelo de gesti\u00f3n, Sistema de Gesti\u00f3n de la Calidad de Centros (SGCC), basado en la mejora continua de nuestros procesos.<\/p>\n<h5><span style=\"color: #00ccff;\">2009-2010<\/span><\/h5>\n<p>Erreniega celebra el 25 aniversario de la implantaci\u00f3n del modelo D en Zizur Mayor con n\u00fameros actos desde el lanzamiento del cohete anunciador de las fiestas hasta la organizaci\u00f3n de la fiesta de Sortzen 2010. Erre\u00f1i, una sorgina montada en una escoba, es el personaje elegido para representarnos bajo el lema \u201cSasi guztien gainetik\u201d.<\/p>\n<p><img loading=\"lazy\" class=\"alignleft wp-image-1324\" src=\"http:\/\/erreniegaip.educacion.navarra.es\/web\/wp-content\/uploads\/2015\/05\/erreniega-historia-2011-300x121.jpg\" alt=\"erreniega-historia-2011\" width=\"500\" height=\"202\" srcset=\"https:\/\/erreniegaip.educacion.navarra.es\/web\/wp-content\/uploads\/2015\/05\/erreniega-historia-2011-300x121.jpg 300w, https:\/\/erreniegaip.educacion.navarra.es\/web\/wp-content\/uploads\/2015\/05\/erreniega-historia-2011.jpg 990w\" sizes=\"(max-width: 500px) 100vw, 500px\" \/><\/p>\n<h5><span style=\"color: #00ccff;\">2011-2012<\/span><\/h5>\n<p>Gracias al trabajo conjunto de la comunidad escolar de Erreniega y a la colaboraci\u00f3n del ayuntamiento de Zizur se llevan a cabo varios proyectos que mejoran sustancialmente la calidad de nuestras instalaciones: finalizaci\u00f3n de las obras de remodelaci\u00f3n del patio escolar y el proyecto \u201cAuzolan contra la crisis- Megafon\u00eda\u201d para implantar la megafon\u00eda del centro, una iniciativa que se hizo mediante auzolan.<\/p>\n<h5><span style=\"color: #00ccff;\">2013-2014<\/span><\/h5>\n<p>El compromiso de Erreniega con la calidad y la mejora continua es reconocido por el Departamento de Educaci\u00f3n tras otorgarle el sello Centro de Calidad. Adem\u00e1s, a trav\u00e9s de la Fundaci\u00f3n Navarra para la Excelencia, recibe el Diploma de Compromiso hacia la Excelencia.<\/p>\n<p><img loading=\"lazy\" class=\"alignleft size-full wp-image-1322\" src=\"http:\/\/erreniegaip.educacion.navarra.es\/web\/wp-content\/uploads\/2015\/05\/erreniega-historia-2013.jpg\" alt=\"erreniega-historia-2013\" width=\"990\" height=\"323\" srcset=\"https:\/\/erreniegaip.educacion.navarra.es\/web\/wp-content\/uploads\/2015\/05\/erreniega-historia-2013.jpg 990w, https:\/\/erreniegaip.educacion.navarra.es\/web\/wp-content\/uploads\/2015\/05\/erreniega-historia-2013-300x98.jpg 300w\" sizes=\"(max-width: 990px) 100vw, 990px\" \/><\/p>\n<h5><span style=\"color: #00ccff;\"><strong>2014-2016<\/strong><\/span><\/h5>\n<p><span style=\"font-weight: 400;\">A partir de 2014 se sigui\u00f3 trabajando dentro del Sistema de Redes de Calidad, teniendo como objetivo la mejora continua en todos los procesos del \u00e1mbito educativo.<\/span><\/p>\n<p><span style=\"font-weight: 400;\">Esto supuso seguir pasando auditar\u00edas internas y externas hasta que en el a\u00f1o 2017 se consigui\u00f3 el Certificado de Centro Excelente.<\/span><\/p>\n<p><img loading=\"lazy\" class=\"aligncenter wp-image-3464 size-full\" src=\"http:\/\/erreniegaip.educacion.navarra.es\/web\/wp-content\/uploads\/2019\/03\/erreniega-destacados-secciones-990x250-historia.jpg\" alt=\"\" width=\"990\" height=\"250\" srcset=\"https:\/\/erreniegaip.educacion.navarra.es\/web\/wp-content\/uploads\/2019\/03\/erreniega-destacados-secciones-990x250-historia.jpg 990w, https:\/\/erreniegaip.educacion.navarra.es\/web\/wp-content\/uploads\/2019\/03\/erreniega-destacados-secciones-990x250-historia-300x76.jpg 300w, https:\/\/erreniegaip.educacion.navarra.es\/web\/wp-content\/uploads\/2019\/03\/erreniega-destacados-secciones-990x250-historia-768x194.jpg 768w\" sizes=\"(max-width: 990px) 100vw, 990px\" \/><\/p>\n<h5><span style=\"color: #00ccff;\"><strong>2016-2019<\/strong><\/span><\/h5>\n<p><span style=\"font-weight: 400;\">Adapt\u00e1ndonos a los cambios que se van produciendo en materia pedag\u00f3gica, Erreniega apost\u00f3 por la creaci\u00f3n de nuevos espacios educativos, dando comienzo al proyecto \u00a0\u201cConstruyendo nuestro patio\u201d y habilitando aulas para diferentes usos pedag\u00f3gicos, Aula de luces y sombras, Aula de Ciencias, Rinc\u00f3n de Lectura, Rinc\u00f3n de la naturaleza y Aula de construcciones. (Ver secci\u00f3n <span style=\"color: #ffcc99;\"><a style=\"color: #ffcc99;\" href=\"https:\/\/erreniegaip.educacion.navarra.es\/web\/es\/espacios\/\">espacios<\/a><\/span>)<\/span><\/p>\n<p><span style=\"font-weight: 400;\">\u201cConstruyendo nuestro patio\u201d parti\u00f3 de una idea del alumnado de Educaci\u00f3n Infantil. En este proyecto se introdujeron nuevos elementos en el patio: una \u201cmendixka\u201d y juegos pintados en el suelo. As\u00ed mismo, tambi\u00e9n est\u00e1 proyectada la colocaci\u00f3n de una espiral.<\/span><\/p>\n<p><span style=\"font-weight: 400;\">Estos trabajos se realizan con el apoyo de las familias del centro trabajando en \u201cauzolan\u201d.<\/span><\/p>\n<p><img loading=\"lazy\" class=\"aligncenter wp-image-3915 size-full\" src=\"http:\/\/erreniegaip.educacion.navarra.es\/web\/wp-content\/uploads\/2019\/04\/imagenpatio3.jpg\" alt=\"\" width=\"4724\" height=\"2835\" srcset=\"https:\/\/erreniegaip.educacion.navarra.es\/web\/wp-content\/uploads\/2019\/04\/imagenpatio3.jpg 4724w, https:\/\/erreniegaip.educacion.navarra.es\/web\/wp-content\/uploads\/2019\/04\/imagenpatio3-300x180.jpg 300w, https:\/\/erreniegaip.educacion.navarra.es\/web\/wp-content\/uploads\/2019\/04\/imagenpatio3-768x461.jpg 768w, https:\/\/erreniegaip.educacion.navarra.es\/web\/wp-content\/uploads\/2019\/04\/imagenpatio3-1024x615.jpg 1024w\" sizes=\"(max-width: 4724px) 100vw, 4724px\" \/><\/p>\n","protected":false},"excerpt":{"rendered":"<p>1984-1985 Promovida por el tes\u00f3n de un grupo de padres, se cre\u00f3, dependiente del ayuntamiento de Zizur, un aula de ense\u00f1anza en euskera con nueve ni\u00f1os de 3 a\u00f1os que se mantuvo durante tres a\u00f1os. 1987-1988 1987-1988 Con la promulgaci\u00f3n de la ley del euskara, se permiti\u00f3 la escolarizaci\u00f3n en euskara y se le dio [&hellip;]<\/p>\n","protected":false},"author":1,"featured_media":0,"parent":0,"menu_order":0,"comment_status":"open","ping_status":"open","template":"","meta":{"_genesis_hide_title":false,"_genesis_hide_breadcrumbs":false,"_genesis_hide_singular_image":false,"_genesis_hide_footer_widgets":false,"_genesis_custom_body_class":"","_genesis_custom_post_class":"","_genesis_layout":"full-width-content"},"_links":{"self":[{"href":"https:\/\/erreniegaip.educacion.navarra.es\/web\/es\/wp-json\/wp\/v2\/pages\/1321"}],"collection":[{"href":"https:\/\/erreniegaip.educacion.navarra.es\/web\/es\/wp-json\/wp\/v2\/pages"}],"about":[{"href":"https:\/\/erreniegaip.educacion.navarra.es\/web\/es\/wp-json\/wp\/v2\/types\/page"}],"author":[{"embeddable":true,"href":"https:\/\/erreniegaip.educacion.navarra.es\/web\/es\/wp-json\/wp\/v2\/users\/1"}],"replies":[{"embeddable":true,"href":"https:\/\/erreniegaip.educacion.navarra.es\/web\/es\/wp-json\/wp\/v2\/comments?post=1321"}],"version-history":[{"count":17,"href":"https:\/\/erreniegaip.educacion.navarra.es\/web\/es\/wp-json\/wp\/v2\/pages\/1321\/revisions"}],"predecessor-version":[{"id":3926,"href":"https:\/\/erreniegaip.educacion.navarra.es\/web\/es\/wp-json\/wp\/v2\/pages\/1321\/revisions\/3926"}],"wp:attachment":[{"href":"https:\/\/erreniegaip.educacion.navarra.es\/web\/es\/wp-json\/wp\/v2\/media?parent=1321"}],"curies":[{"name":"wp","href":"https:\/\/api.w.org\/{rel}","templated":true}]}}