{"id":1298,"date":"2015-04-30T15:11:54","date_gmt":"2015-04-30T13:11:54","guid":{"rendered":"http:\/\/erreniegaip.educacion.navarra.es\/web\/?page_id=1298"},"modified":"2019-03-13T16:52:16","modified_gmt":"2019-03-13T15:52:16","slug":"programas-solidarios","status":"publish","type":"page","link":"https:\/\/erreniegaip.educacion.navarra.es\/web\/es\/programas-solidarios\/","title":{"rendered":"Programas Solidarios"},"content":{"rendered":"<p><img loading=\"lazy\" class=\"aligncenter wp-image-3613 size-full\" src=\"http:\/\/erreniegaip.educacion.navarra.es\/web\/wp-content\/uploads\/2019\/03\/erreniega-destacados-secciones-990x250-programa-solidario-2.jpg\" alt=\"\" width=\"990\" height=\"400\" srcset=\"https:\/\/erreniegaip.educacion.navarra.es\/web\/wp-content\/uploads\/2019\/03\/erreniega-destacados-secciones-990x250-programa-solidario-2.jpg 990w, https:\/\/erreniegaip.educacion.navarra.es\/web\/wp-content\/uploads\/2019\/03\/erreniega-destacados-secciones-990x250-programa-solidario-2-300x121.jpg 300w, https:\/\/erreniegaip.educacion.navarra.es\/web\/wp-content\/uploads\/2019\/03\/erreniega-destacados-secciones-990x250-programa-solidario-2-768x310.jpg 768w\" sizes=\"(max-width: 990px) 100vw, 990px\" \/>En Erreniega desarrollamos diversos proyectos solidarios organizados por ONGs y campa\u00f1as solidarias que se activan desde el propio centro. Son propuestas destinadas a toda la comunidad educativa y su entorno que buscan tomar conciencia de las desigualdades planetarias existentes en el reparto de la riqueza y del poder, de sus causas y consecuencias y que busca favorecer actitudes solidarias y de compromiso.<\/p>\n<h5><span style=\"color: #00b7e3;\">SAME<\/span><\/h5>\n<p>Erreniega participa junto con la ONG Alboan y millones de personas en todo el mundo en la Semana\u00a0de Acci\u00f3n Mundial\u00a0por la Educaci\u00f3n para exigir a los gobiernos y a la comunidad internacional que cumplan sus promesas y se responsabilicen del destino de millones de personas a los que se excluye del derecho a la educaci\u00f3n.<\/p>\n<h5><span style=\"color: #00b7e3;\">GLORR Fundaci\u00f3n<\/span><\/h5>\n<p>El objetivo de esta fundaci\u00f3n es asistir a los menores y familias que se encuentran en situaci\u00f3n de precariedad econ\u00f3mica extrema o exclusi\u00f3n social.<br \/>\nEn Erreniega participamos durante el curso escolar en dos campa\u00f1as de recogida de ropa usada y calzado, tanto de ni\u00f1o como de adulto.<\/p>\n","protected":false},"excerpt":{"rendered":"<p>En Erreniega desarrollamos diversos proyectos solidarios organizados por ONGs y campa\u00f1as solidarias que se activan desde el propio centro. Son propuestas destinadas a toda la comunidad educativa y su entorno que buscan tomar conciencia de las desigualdades planetarias existentes en el reparto de la riqueza y del poder, de sus causas y consecuencias y que [&hellip;]<\/p>\n","protected":false},"author":1,"featured_media":0,"parent":0,"menu_order":0,"comment_status":"open","ping_status":"open","template":"","meta":{"_genesis_hide_title":false,"_genesis_hide_breadcrumbs":false,"_genesis_hide_singular_image":false,"_genesis_hide_footer_widgets":false,"_genesis_custom_body_class":"","_genesis_custom_post_class":"","_genesis_layout":"full-width-content"},"_links":{"self":[{"href":"https:\/\/erreniegaip.educacion.navarra.es\/web\/es\/wp-json\/wp\/v2\/pages\/1298"}],"collection":[{"href":"https:\/\/erreniegaip.educacion.navarra.es\/web\/es\/wp-json\/wp\/v2\/pages"}],"about":[{"href":"https:\/\/erreniegaip.educacion.navarra.es\/web\/es\/wp-json\/wp\/v2\/types\/page"}],"author":[{"embeddable":true,"href":"https:\/\/erreniegaip.educacion.navarra.es\/web\/es\/wp-json\/wp\/v2\/users\/1"}],"replies":[{"embeddable":true,"href":"https:\/\/erreniegaip.educacion.navarra.es\/web\/es\/wp-json\/wp\/v2\/comments?post=1298"}],"version-history":[{"count":4,"href":"https:\/\/erreniegaip.educacion.navarra.es\/web\/es\/wp-json\/wp\/v2\/pages\/1298\/revisions"}],"predecessor-version":[{"id":3614,"href":"https:\/\/erreniegaip.educacion.navarra.es\/web\/es\/wp-json\/wp\/v2\/pages\/1298\/revisions\/3614"}],"wp:attachment":[{"href":"https:\/\/erreniegaip.educacion.navarra.es\/web\/es\/wp-json\/wp\/v2\/media?parent=1298"}],"curies":[{"name":"wp","href":"https:\/\/api.w.org\/{rel}","templated":true}]}}