{"id":1290,"date":"2015-04-30T14:50:16","date_gmt":"2015-04-30T12:50:16","guid":{"rendered":"http:\/\/erreniegaip.educacion.navarra.es\/web\/?page_id=1290"},"modified":"2019-02-27T12:58:41","modified_gmt":"2019-02-27T11:58:41","slug":"programa-de-tutorizacion","status":"publish","type":"page","link":"https:\/\/erreniegaip.educacion.navarra.es\/web\/es\/programa-de-tutorizacion\/","title":{"rendered":"Programa de Tutorizaci\u00f3n"},"content":{"rendered":"<p><img loading=\"lazy\" class=\"aligncenter wp-image-3407 size-full\" src=\"http:\/\/erreniegaip.educacion.navarra.es\/web\/wp-content\/uploads\/2019\/02\/erreniega-destacados-secciones-990x250-tutorizacion.jpg\" alt=\"\" width=\"990\" height=\"250\" srcset=\"https:\/\/erreniegaip.educacion.navarra.es\/web\/wp-content\/uploads\/2019\/02\/erreniega-destacados-secciones-990x250-tutorizacion.jpg 990w, https:\/\/erreniegaip.educacion.navarra.es\/web\/wp-content\/uploads\/2019\/02\/erreniega-destacados-secciones-990x250-tutorizacion-300x76.jpg 300w, https:\/\/erreniegaip.educacion.navarra.es\/web\/wp-content\/uploads\/2019\/02\/erreniega-destacados-secciones-990x250-tutorizacion-768x194.jpg 768w\" sizes=\"(max-width: 990px) 100vw, 990px\" \/><\/p>\n<p>La <strong>tutorizaci\u00f3n<\/strong> es un m\u00e9todo de aprendizaje cooperativo mediante el cual un alumno (el alumno tutor) aprende ense\u00f1ando a su compa\u00f1ero (el alumno tutorizado), que a su vez aprende gracias a la ayuda personalizada y permanente recibida. As\u00ed pues, es una estrategia que aprovecha pedag\u00f3gicamente las diferencias entre alumnos y nos permite ver la diversidad no como un problema, sino como un recurso.<\/p>\n<p>Las pr\u00e1cticas de ayuda entre iguales son interesantes porque dan valor educativo a las interacciones entre alumnos, ofrecen oportunidades de aprendizaje y desarrollan valores de solidaridad y sociabilidad.<\/p>\n<p>Partimos de un concepto amplio de iguales, se entiende la tutor\u00eda como parejas de personas de igual o distinta edad que aprenden a partir de una interacci\u00f3n estructurada.<\/p>\n<p>Como ejemplos innovadores de estas pr\u00e1cticas tenemos la figura del alumno tutor, la Fiesta de la Casta\u00f1a y \u201cBiok elkarri kontu kontari\u201d entre otras.<\/p>\n","protected":false},"excerpt":{"rendered":"<p>La tutorizaci\u00f3n es un m\u00e9todo de aprendizaje cooperativo mediante el cual un alumno (el alumno tutor) aprende ense\u00f1ando a su compa\u00f1ero (el alumno tutorizado), que a su vez aprende gracias a la ayuda personalizada y permanente recibida. As\u00ed pues, es una estrategia que aprovecha pedag\u00f3gicamente las diferencias entre alumnos y nos permite ver la diversidad [&hellip;]<\/p>\n","protected":false},"author":1,"featured_media":0,"parent":0,"menu_order":0,"comment_status":"open","ping_status":"open","template":"","meta":{"_genesis_hide_title":false,"_genesis_hide_breadcrumbs":false,"_genesis_hide_singular_image":false,"_genesis_hide_footer_widgets":false,"_genesis_custom_body_class":"","_genesis_custom_post_class":"","_genesis_layout":"full-width-content"},"_links":{"self":[{"href":"https:\/\/erreniegaip.educacion.navarra.es\/web\/es\/wp-json\/wp\/v2\/pages\/1290"}],"collection":[{"href":"https:\/\/erreniegaip.educacion.navarra.es\/web\/es\/wp-json\/wp\/v2\/pages"}],"about":[{"href":"https:\/\/erreniegaip.educacion.navarra.es\/web\/es\/wp-json\/wp\/v2\/types\/page"}],"author":[{"embeddable":true,"href":"https:\/\/erreniegaip.educacion.navarra.es\/web\/es\/wp-json\/wp\/v2\/users\/1"}],"replies":[{"embeddable":true,"href":"https:\/\/erreniegaip.educacion.navarra.es\/web\/es\/wp-json\/wp\/v2\/comments?post=1290"}],"version-history":[{"count":5,"href":"https:\/\/erreniegaip.educacion.navarra.es\/web\/es\/wp-json\/wp\/v2\/pages\/1290\/revisions"}],"predecessor-version":[{"id":3409,"href":"https:\/\/erreniegaip.educacion.navarra.es\/web\/es\/wp-json\/wp\/v2\/pages\/1290\/revisions\/3409"}],"wp:attachment":[{"href":"https:\/\/erreniegaip.educacion.navarra.es\/web\/es\/wp-json\/wp\/v2\/media?parent=1290"}],"curies":[{"name":"wp","href":"https:\/\/api.w.org\/{rel}","templated":true}]}}