{"id":1268,"date":"2015-04-28T13:41:30","date_gmt":"2015-04-28T11:41:30","guid":{"rendered":"http:\/\/erreniegaip.educacion.navarra.es\/web\/?page_id=1268"},"modified":"2025-09-05T12:10:13","modified_gmt":"2025-09-05T10:10:13","slug":"programa-de-mediacion","status":"publish","type":"page","link":"https:\/\/erreniegaip.educacion.navarra.es\/web\/es\/programa-de-mediacion\/","title":{"rendered":"Programa de Mediaci\u00f3n"},"content":{"rendered":"\n<div class=\"wp-block-image\"><figure class=\"aligncenter size-full\"><a href=\"https:\/\/erreniegaip.educacion.navarra.es\/web\/wp-content\/uploads\/2025\/09\/Bitartekariak-25-26-2.-argazkia-1.png\"><img loading=\"lazy\" width=\"456\" height=\"613\" src=\"https:\/\/erreniegaip.educacion.navarra.es\/web\/wp-content\/uploads\/2025\/09\/Bitartekariak-25-26-2.-argazkia-1.png\" alt=\"\" class=\"wp-image-6467\" srcset=\"https:\/\/erreniegaip.educacion.navarra.es\/web\/wp-content\/uploads\/2025\/09\/Bitartekariak-25-26-2.-argazkia-1.png 456w, https:\/\/erreniegaip.educacion.navarra.es\/web\/wp-content\/uploads\/2025\/09\/Bitartekariak-25-26-2.-argazkia-1-223x300.png 223w\" sizes=\"(max-width: 456px) 100vw, 456px\" \/><\/a><\/figure><\/div>\n\n\n<p style=\"text-align: center;\"><a href=\"http:\/\/erreniegaip.educacion.navarra.es\/web\/wp-content\/uploads\/2015\/04\/erreniega-convivencia-mediacion-990x250.jpg\"><br \/><\/a><span style=\"color: #00b7e3;\">Este curso seis alumnos\/as de 6\u00ba son mediadores de conflictos en el centro: Edurne Irisarri, Eider Cari\u00f1ena, Julen Murillo, Markel Mazkiaran, Ion Agirre y June Abal.<\/span><\/p>\n<p>Cada curso el profesorado y el alumnado de 5\u00ba curso participa en las sesiones de formaci\u00f3n de mediadores. Su cometido es, ayudar en la resoluci\u00f3n de conflictos que puedan tener lugar entre alumnos\/as que soliciten su ayuda y procurar que las partes implicadas lleguen a acuerdos en los que todos\/as salgan beneficiados\/as.<\/p>\n<p>Para ello disponen de un espacio llamado <strong>\u201cadostokia\u201d<\/strong> situado en la sala de reuniones. El equipo de mediadores refleja en un acta lo ocurrido en cada uno de estos encuentros, anotando cu\u00e1l ha sido el conflicto, a qu\u00e9 soluci\u00f3n han llegado y los compromisos suscritos por ambas partes.<\/p>\n<p>Adem\u00e1s, dentro del plan de acogida, ense\u00f1an al alumnado de nueva matriculaci\u00f3n las distintas dependencias del colegio, facilitando su incorporaci\u00f3n.<\/p>\n<p>En las clases disponemos del rinc\u00f3n de la oreja-boca donde las partes implicadas solucionan el conflicto escuchando y hablando, seg\u00fan sean oreja o boca, convirtiendo el di\u00e1logo en herramienta para la resoluci\u00f3n de conflictos. En este caso la mediaci\u00f3n la realiza el profesorado.<\/p>","protected":false},"excerpt":{"rendered":"<p>Este curso seis alumnos\/as de 6\u00ba son mediadores de conflictos en el centro: Edurne Irisarri, Eider Cari\u00f1ena, Julen Murillo, Markel Mazkiaran, Ion Agirre y June Abal. Cada curso el profesorado y el alumnado de 5\u00ba curso participa en las sesiones de formaci\u00f3n de mediadores. Su cometido es, ayudar en la resoluci\u00f3n de conflictos que puedan [&hellip;]<\/p>\n","protected":false},"author":1,"featured_media":0,"parent":0,"menu_order":0,"comment_status":"open","ping_status":"open","template":"","meta":{"_genesis_hide_title":false,"_genesis_hide_breadcrumbs":false,"_genesis_hide_singular_image":false,"_genesis_hide_footer_widgets":false,"_genesis_custom_body_class":"","_genesis_custom_post_class":"","_genesis_layout":"full-width-content"},"_links":{"self":[{"href":"https:\/\/erreniegaip.educacion.navarra.es\/web\/es\/wp-json\/wp\/v2\/pages\/1268"}],"collection":[{"href":"https:\/\/erreniegaip.educacion.navarra.es\/web\/es\/wp-json\/wp\/v2\/pages"}],"about":[{"href":"https:\/\/erreniegaip.educacion.navarra.es\/web\/es\/wp-json\/wp\/v2\/types\/page"}],"author":[{"embeddable":true,"href":"https:\/\/erreniegaip.educacion.navarra.es\/web\/es\/wp-json\/wp\/v2\/users\/1"}],"replies":[{"embeddable":true,"href":"https:\/\/erreniegaip.educacion.navarra.es\/web\/es\/wp-json\/wp\/v2\/comments?post=1268"}],"version-history":[{"count":27,"href":"https:\/\/erreniegaip.educacion.navarra.es\/web\/es\/wp-json\/wp\/v2\/pages\/1268\/revisions"}],"predecessor-version":[{"id":6470,"href":"https:\/\/erreniegaip.educacion.navarra.es\/web\/es\/wp-json\/wp\/v2\/pages\/1268\/revisions\/6470"}],"wp:attachment":[{"href":"https:\/\/erreniegaip.educacion.navarra.es\/web\/es\/wp-json\/wp\/v2\/media?parent=1268"}],"curies":[{"name":"wp","href":"https:\/\/api.w.org\/{rel}","templated":true}]}}