{"id":1222,"date":"2015-04-20T13:18:01","date_gmt":"2015-04-20T11:18:01","guid":{"rendered":"http:\/\/erreniegaip.educacion.navarra.es\/web\/?page_id=1222"},"modified":"2019-02-26T10:51:39","modified_gmt":"2019-02-26T09:51:39","slug":"nuestras-fiestas","status":"publish","type":"page","link":"https:\/\/erreniegaip.educacion.navarra.es\/web\/es\/nuestras-fiestas\/","title":{"rendered":"Nuestras Fiestas"},"content":{"rendered":"<p><img loading=\"lazy\" class=\"aligncenter wp-image-3360 size-full\" src=\"http:\/\/erreniegaip.educacion.navarra.es\/web\/wp-content\/uploads\/2019\/02\/erreniega-destacados-secciones-990x250-fiestas.jpg\" alt=\"\" width=\"990\" height=\"250\" srcset=\"https:\/\/erreniegaip.educacion.navarra.es\/web\/wp-content\/uploads\/2019\/02\/erreniega-destacados-secciones-990x250-fiestas.jpg 990w, https:\/\/erreniegaip.educacion.navarra.es\/web\/wp-content\/uploads\/2019\/02\/erreniega-destacados-secciones-990x250-fiestas-300x76.jpg 300w, https:\/\/erreniegaip.educacion.navarra.es\/web\/wp-content\/uploads\/2019\/02\/erreniega-destacados-secciones-990x250-fiestas-768x194.jpg 768w\" sizes=\"(max-width: 990px) 100vw, 990px\" \/><\/p>\n<p>La misi\u00f3n de Erreniega es facilitar el desarrollo integral de todos los ni\u00f1os y de todas las ni\u00f1as en la sociedad actual, en un ambiente positivo con la implicaci\u00f3n y participaci\u00f3n de las familias, teniendo como eje el euskera y la cultura vasca.<br \/>\nConocer y participar en fiestas, tradiciones y costumbres de nuestro entorno, disfrutando y valor\u00e1ndolas como manifestaciones culturales es uno de los objetivos que pretendemos.<\/p>\n<p>Las fiestas son un reflejo de lo que ocurre en el entorno social m\u00e1s pr\u00f3ximo y participando en ellas, el alumnado comprende mejor el car\u00e1cter y significado de las mismas. Las distintas actividades que se organizan permiten la colaboraci\u00f3n y participaci\u00f3n de las familias.<\/p>\n<p>Todos los a\u00f1os celebramos:<\/p>\n<ul>\n<li>Fiesta de la casta\u00f1a<\/li>\n<li>Olentzero<\/li>\n<li>Santa Agueda<\/li>\n<li>Carnavales<\/li>\n<li>Korrika<\/li>\n<li>Semana Cultural<\/li>\n<li>Fiesta de fin de curso<\/li>\n<\/ul>\n<h5><span style=\"color: #00b7e3;\">\u00a0<\/span><\/h5>\n","protected":false},"excerpt":{"rendered":"<p>La misi\u00f3n de Erreniega es facilitar el desarrollo integral de todos los ni\u00f1os y de todas las ni\u00f1as en la sociedad actual, en un ambiente positivo con la implicaci\u00f3n y participaci\u00f3n de las familias, teniendo como eje el euskera y la cultura vasca. Conocer y participar en fiestas, tradiciones y costumbres de nuestro entorno, disfrutando [&hellip;]<\/p>\n","protected":false},"author":1,"featured_media":0,"parent":0,"menu_order":0,"comment_status":"open","ping_status":"open","template":"","meta":{"_genesis_hide_title":false,"_genesis_hide_breadcrumbs":false,"_genesis_hide_singular_image":false,"_genesis_hide_footer_widgets":false,"_genesis_custom_body_class":"","_genesis_custom_post_class":"","_genesis_layout":"full-width-content"},"_links":{"self":[{"href":"https:\/\/erreniegaip.educacion.navarra.es\/web\/es\/wp-json\/wp\/v2\/pages\/1222"}],"collection":[{"href":"https:\/\/erreniegaip.educacion.navarra.es\/web\/es\/wp-json\/wp\/v2\/pages"}],"about":[{"href":"https:\/\/erreniegaip.educacion.navarra.es\/web\/es\/wp-json\/wp\/v2\/types\/page"}],"author":[{"embeddable":true,"href":"https:\/\/erreniegaip.educacion.navarra.es\/web\/es\/wp-json\/wp\/v2\/users\/1"}],"replies":[{"embeddable":true,"href":"https:\/\/erreniegaip.educacion.navarra.es\/web\/es\/wp-json\/wp\/v2\/comments?post=1222"}],"version-history":[{"count":30,"href":"https:\/\/erreniegaip.educacion.navarra.es\/web\/es\/wp-json\/wp\/v2\/pages\/1222\/revisions"}],"predecessor-version":[{"id":3362,"href":"https:\/\/erreniegaip.educacion.navarra.es\/web\/es\/wp-json\/wp\/v2\/pages\/1222\/revisions\/3362"}],"wp:attachment":[{"href":"https:\/\/erreniegaip.educacion.navarra.es\/web\/es\/wp-json\/wp\/v2\/media?parent=1222"}],"curies":[{"name":"wp","href":"https:\/\/api.w.org\/{rel}","templated":true}]}}