{"id":1199,"date":"2018-04-15T14:32:45","date_gmt":"2018-04-15T12:32:45","guid":{"rendered":"http:\/\/erreniegaip.educacion.navarra.es\/web\/?page_id=1199"},"modified":"2019-03-20T11:44:58","modified_gmt":"2019-03-20T10:44:58","slug":"ingles","status":"publish","type":"page","link":"https:\/\/erreniegaip.educacion.navarra.es\/web\/es\/ingles\/","title":{"rendered":"Ingl\u00e9s"},"content":{"rendered":"<p><img loading=\"lazy\" class=\"aligncenter wp-image-3375 size-full\" src=\"http:\/\/erreniegaip.educacion.navarra.es\/web\/wp-content\/uploads\/2019\/02\/erreniega-destacados-secciones-990x250-ingles.jpg\" alt=\"\" width=\"990\" height=\"250\" srcset=\"https:\/\/erreniegaip.educacion.navarra.es\/web\/wp-content\/uploads\/2019\/02\/erreniega-destacados-secciones-990x250-ingles.jpg 990w, https:\/\/erreniegaip.educacion.navarra.es\/web\/wp-content\/uploads\/2019\/02\/erreniega-destacados-secciones-990x250-ingles-300x76.jpg 300w, https:\/\/erreniegaip.educacion.navarra.es\/web\/wp-content\/uploads\/2019\/02\/erreniega-destacados-secciones-990x250-ingles-768x194.jpg 768w\" sizes=\"(max-width: 990px) 100vw, 990px\" \/><span style=\"font-size: 18px;\"><span style=\"color: #04b1dc;\">\u00abAprender una lengua es aprender a usarla\u00bb<\/span><\/span><\/p>\n<p><span style=\"font-size: 18px;\"><!--more--><\/span><\/p>\n<p style=\"text-align: justify;\"><span style=\"font-size: 18px;\">El ingl\u00e9s es una herramienta imprescindible en la educaci\u00f3n actual. Nuestro Programa de ense\u00f1anza en ingl\u00e9s comienza a los cuatro a\u00f1os, alcanzando el nivel A2 del Marco Europeo de Referencia de las Lenguas al finalizar la Educaci\u00f3n Primaria y el nivel B2\/First al finalizar el Bachillerato. Este nivel permite el acceso a las nuevas carreras universitarias espec\u00edficas en ingl\u00e9s.<\/span><\/p>\n<p style=\"text-align: justify;\"><span style=\"font-size: 18px;\">El Programa de Ingl\u00e9s de Erreniega se desarrolla en cinco sesiones semanales, algunas de ellas con grupos reducidos. En Educaci\u00f3n Infantil tambi\u00e9n trabajamos rutinas en ingl\u00e9s: por ejemplo, almuerzos saludables en clase.<\/span><\/p>\n<p style=\"text-align: justify;\"><span style=\"font-size: 18px;\"><strong>Programas de inmersi\u00f3n ling\u00fc\u00edstica: \u201cEnglish week\u201d<\/strong><\/span><\/p>\n","protected":false},"excerpt":{"rendered":"<p>\u00abAprender una lengua es aprender a usarla\u00bb<\/p>\n","protected":false},"author":1,"featured_media":3681,"parent":0,"menu_order":0,"comment_status":"open","ping_status":"open","template":"","meta":{"_genesis_hide_title":false,"_genesis_hide_breadcrumbs":false,"_genesis_hide_singular_image":false,"_genesis_hide_footer_widgets":false,"_genesis_custom_body_class":"","_genesis_custom_post_class":"","_genesis_layout":"full-width-content"},"_links":{"self":[{"href":"https:\/\/erreniegaip.educacion.navarra.es\/web\/es\/wp-json\/wp\/v2\/pages\/1199"}],"collection":[{"href":"https:\/\/erreniegaip.educacion.navarra.es\/web\/es\/wp-json\/wp\/v2\/pages"}],"about":[{"href":"https:\/\/erreniegaip.educacion.navarra.es\/web\/es\/wp-json\/wp\/v2\/types\/page"}],"author":[{"embeddable":true,"href":"https:\/\/erreniegaip.educacion.navarra.es\/web\/es\/wp-json\/wp\/v2\/users\/1"}],"replies":[{"embeddable":true,"href":"https:\/\/erreniegaip.educacion.navarra.es\/web\/es\/wp-json\/wp\/v2\/comments?post=1199"}],"version-history":[{"count":11,"href":"https:\/\/erreniegaip.educacion.navarra.es\/web\/es\/wp-json\/wp\/v2\/pages\/1199\/revisions"}],"predecessor-version":[{"id":3578,"href":"https:\/\/erreniegaip.educacion.navarra.es\/web\/es\/wp-json\/wp\/v2\/pages\/1199\/revisions\/3578"}],"wp:featuredmedia":[{"embeddable":true,"href":"https:\/\/erreniegaip.educacion.navarra.es\/web\/es\/wp-json\/wp\/v2\/media\/3681"}],"wp:attachment":[{"href":"https:\/\/erreniegaip.educacion.navarra.es\/web\/es\/wp-json\/wp\/v2\/media?parent=1199"}],"curies":[{"name":"wp","href":"https:\/\/api.w.org\/{rel}","templated":true}]}}